{"id":761,"date":"2019-02-07T12:27:03","date_gmt":"2019-02-07T11:27:03","guid":{"rendered":"http:\/\/gce.sk\/?page_id=761"},"modified":"2019-02-27T12:14:06","modified_gmt":"2019-02-27T11:14:06","slug":"inzinierska-cinnost","status":"publish","type":"page","link":"https:\/\/gce.sk\/en\/inzinierska-cinnost\/","title":{"rendered":"In\u017einierska \u010dinnos\u0165"},"content":{"rendered":"<ul class=\"lcp_catlist\" id=\"lcp_instance_0\"><li><a href=\"https:\/\/gce.sk\/en\/referencie\/inzinierska-cinnost-a-projektovy-manazment\/sustava-na-likvidaciu-odpad-vod-ii-etapa-stavebny-management-v-mene-dodavatela-stavby\/\">S\u00fastava na likvid\u00e1ciu odpad. v\u00f4d, II. Etapa stavebn\u00fd management v mene dod\u00e1vate\u013ea stavby<\/a><\/li><li><a href=\"https:\/\/gce.sk\/en\/referencie\/inzinierska-cinnost-a-projektovy-manazment\/2x400kv-vedenie-lokalita-velky-meder-slovenska-republika-madarsko\/\">2x400kV vedenie lokalita Ve\u013ek\u00fd Meder, Slovensk\u00e1 republika-Ma\u010farsko<\/a><\/li><li><a href=\"https:\/\/gce.sk\/en\/referencie\/inzinierska-cinnost-a-projektovy-manazment\/tesco-banska-bystrica\/\">TESCO &#8211; Bansk\u00e1 Bystrica<\/a><\/li><\/ul>\n","protected":false},"excerpt":{"rendered":"<p> [&#8230;]<\/p>\n<p><a class=\"btn btn-secondary understrap-read-more-link\" href=\"https:\/\/gce.sk\/en\/inzinierska-cinnost\/\">Read More&#8230;<\/a><\/p>\n","protected":false},"author":1,"featured_media":841,"parent":0,"menu_order":0,"comment_status":"closed","ping_status":"closed","template":"","meta":{"footnotes":""},"class_list":["post-761","page","type-page","status-publish","has-post-thumbnail","hentry"],"yoast_head":"<!-- This site is optimized with the Yoast SEO plugin v27.4 - https:\/\/yoast.com\/product\/yoast-seo-wordpress\/ -->\n<title>In\u017einierska \u010dinnos\u0165<\/title>\n<meta name=\"robots\" content=\"index, follow, max-snippet:-1, max-image-preview:large, max-video-preview:-1\" \/>\n<link rel=\"canonical\" href=\"https:\/\/gce.sk\/en\/inzinierska-cinnost\/\" \/>\n<meta property=\"og:locale\" content=\"en_GB\" \/>\n<meta property=\"og:locale:alternate\" content=\"sk_SK\" \/>\n<meta property=\"og:type\" content=\"article\" \/>\n<meta property=\"og:title\" content=\"In\u017einierska \u010dinnos\u0165\" \/>\n<meta property=\"og:description\" content=\"[...]Read More...\" \/>\n<meta property=\"og:url\" content=\"https:\/\/gce.sk\/en\/inzinierska-cinnost\/\" \/>\n<meta property=\"og:site_name\" content=\"Gajdo\u0161 Consulting Engineers\" \/>\n<meta property=\"article:modified_time\" content=\"2019-02-27T11:14:06+00:00\" \/>\n<meta property=\"og:image\" content=\"https:\/\/gce.sk\/wp-content\/uploads\/2019\/02\/engineering.jpg\" \/>\n\t<meta property=\"og:image:width\" content=\"1920\" \/>\n\t<meta property=\"og:image:height\" content=\"500\" \/>\n\t<meta property=\"og:image:type\" content=\"image\/jpeg\" \/>\n<meta name=\"twitter:card\" content=\"summary_large_image\" \/>\n<script type=\"application\/ld+json\" class=\"yoast-schema-graph\">{\"@context\":\"https:\\\/\\\/schema.org\",\"@graph\":[{\"@type\":\"WebPage\",\"@id\":\"https:\\\/\\\/gce.sk\\\/en\\\/inzinierska-cinnost\\\/\",\"url\":\"https:\\\/\\\/gce.sk\\\/en\\\/inzinierska-cinnost\\\/\",\"name\":\"In\u017einierska \u010dinnos\u0165\",\"isPartOf\":{\"@id\":\"https:\\\/\\\/gce.sk\\\/#website\"},\"primaryImageOfPage\":{\"@id\":\"https:\\\/\\\/gce.sk\\\/en\\\/inzinierska-cinnost\\\/#primaryimage\"},\"image\":{\"@id\":\"https:\\\/\\\/gce.sk\\\/en\\\/inzinierska-cinnost\\\/#primaryimage\"},\"thumbnailUrl\":\"https:\\\/\\\/gce.sk\\\/wp-content\\\/uploads\\\/2019\\\/02\\\/engineering.jpg\",\"datePublished\":\"2019-02-07T11:27:03+00:00\",\"dateModified\":\"2019-02-27T11:14:06+00:00\",\"breadcrumb\":{\"@id\":\"https:\\\/\\\/gce.sk\\\/en\\\/inzinierska-cinnost\\\/#breadcrumb\"},\"inLanguage\":\"en-GB\",\"potentialAction\":[{\"@type\":\"ReadAction\",\"target\":[\"https:\\\/\\\/gce.sk\\\/en\\\/inzinierska-cinnost\\\/\"]}]},{\"@type\":\"ImageObject\",\"inLanguage\":\"en-GB\",\"@id\":\"https:\\\/\\\/gce.sk\\\/en\\\/inzinierska-cinnost\\\/#primaryimage\",\"url\":\"https:\\\/\\\/gce.sk\\\/wp-content\\\/uploads\\\/2019\\\/02\\\/engineering.jpg\",\"contentUrl\":\"https:\\\/\\\/gce.sk\\\/wp-content\\\/uploads\\\/2019\\\/02\\\/engineering.jpg\",\"width\":1920,\"height\":500},{\"@type\":\"BreadcrumbList\",\"@id\":\"https:\\\/\\\/gce.sk\\\/en\\\/inzinierska-cinnost\\\/#breadcrumb\",\"itemListElement\":[{\"@type\":\"ListItem\",\"position\":1,\"name\":\"Home\",\"item\":\"https:\\\/\\\/gce.sk\\\/\"},{\"@type\":\"ListItem\",\"position\":2,\"name\":\"In\u017einierska \u010dinnos\u0165\"}]},{\"@type\":\"WebSite\",\"@id\":\"https:\\\/\\\/gce.sk\\\/#website\",\"url\":\"https:\\\/\\\/gce.sk\\\/\",\"name\":\"Gajdo\u0161 Consulting Engineers\",\"description\":\"Projektovanie vo vodnom hospod\u00e1rstve\",\"publisher\":{\"@id\":\"https:\\\/\\\/gce.sk\\\/#organization\"},\"potentialAction\":[{\"@type\":\"SearchAction\",\"target\":{\"@type\":\"EntryPoint\",\"urlTemplate\":\"https:\\\/\\\/gce.sk\\\/?s={search_term_string}\"},\"query-input\":{\"@type\":\"PropertyValueSpecification\",\"valueRequired\":true,\"valueName\":\"search_term_string\"}}],\"inLanguage\":\"en-GB\"},{\"@type\":\"Organization\",\"@id\":\"https:\\\/\\\/gce.sk\\\/#organization\",\"name\":\"Gajdo\u0161 - Consulting Engineers, s.r.o.\",\"url\":\"https:\\\/\\\/gce.sk\\\/\",\"logo\":{\"@type\":\"ImageObject\",\"inLanguage\":\"en-GB\",\"@id\":\"https:\\\/\\\/gce.sk\\\/#\\\/schema\\\/logo\\\/image\\\/\",\"url\":\"https:\\\/\\\/gce.sk\\\/wp-content\\\/uploads\\\/2019\\\/02\\\/Logo-GC.png\",\"contentUrl\":\"https:\\\/\\\/gce.sk\\\/wp-content\\\/uploads\\\/2019\\\/02\\\/Logo-GC.png\",\"width\":1500,\"height\":1500,\"caption\":\"Gajdo\u0161 - Consulting Engineers, s.r.o.\"},\"image\":{\"@id\":\"https:\\\/\\\/gce.sk\\\/#\\\/schema\\\/logo\\\/image\\\/\"}}]}<\/script>\n<!-- \/ Yoast SEO plugin. -->","yoast_head_json":{"title":"In\u017einierska \u010dinnos\u0165","robots":{"index":"index","follow":"follow","max-snippet":"max-snippet:-1","max-image-preview":"max-image-preview:large","max-video-preview":"max-video-preview:-1"},"canonical":"https:\/\/gce.sk\/en\/inzinierska-cinnost\/","og_locale":"en_GB","og_type":"article","og_title":"[:sk]In\u017einierska \u010dinnos\u0165[:] &#8211; Gajdo\u0161 Consulting Engineers","og_description":"[...]Read More...","og_url":"https:\/\/gce.sk\/en\/inzinierska-cinnost\/","og_site_name":"Gajdo\u0161 Consulting Engineers","article_modified_time":"2019-02-27T11:14:06+00:00","og_image":[{"width":1920,"height":500,"url":"https:\/\/gce.sk\/wp-content\/uploads\/2019\/02\/engineering.jpg","type":"image\/jpeg"}],"twitter_card":"summary_large_image","schema":{"@context":"https:\/\/schema.org","@graph":[{"@type":"WebPage","@id":"https:\/\/gce.sk\/en\/inzinierska-cinnost\/","url":"https:\/\/gce.sk\/en\/inzinierska-cinnost\/","name":"In\u017einierska \u010dinnos\u0165","isPartOf":{"@id":"https:\/\/gce.sk\/#website"},"primaryImageOfPage":{"@id":"https:\/\/gce.sk\/en\/inzinierska-cinnost\/#primaryimage"},"image":{"@id":"https:\/\/gce.sk\/en\/inzinierska-cinnost\/#primaryimage"},"thumbnailUrl":"https:\/\/gce.sk\/wp-content\/uploads\/2019\/02\/engineering.jpg","datePublished":"2019-02-07T11:27:03+00:00","dateModified":"2019-02-27T11:14:06+00:00","breadcrumb":{"@id":"https:\/\/gce.sk\/en\/inzinierska-cinnost\/#breadcrumb"},"inLanguage":"en-GB","potentialAction":[{"@type":"ReadAction","target":["https:\/\/gce.sk\/en\/inzinierska-cinnost\/"]}]},{"@type":"ImageObject","inLanguage":"en-GB","@id":"https:\/\/gce.sk\/en\/inzinierska-cinnost\/#primaryimage","url":"https:\/\/gce.sk\/wp-content\/uploads\/2019\/02\/engineering.jpg","contentUrl":"https:\/\/gce.sk\/wp-content\/uploads\/2019\/02\/engineering.jpg","width":1920,"height":500},{"@type":"BreadcrumbList","@id":"https:\/\/gce.sk\/en\/inzinierska-cinnost\/#breadcrumb","itemListElement":[{"@type":"ListItem","position":1,"name":"Home","item":"https:\/\/gce.sk\/"},{"@type":"ListItem","position":2,"name":"In\u017einierska \u010dinnos\u0165"}]},{"@type":"WebSite","@id":"https:\/\/gce.sk\/#website","url":"https:\/\/gce.sk\/","name":"Gajdo\u0161 Consulting Engineers","description":"Projektovanie vo vodnom hospod\u00e1rstve","publisher":{"@id":"https:\/\/gce.sk\/#organization"},"potentialAction":[{"@type":"SearchAction","target":{"@type":"EntryPoint","urlTemplate":"https:\/\/gce.sk\/?s={search_term_string}"},"query-input":{"@type":"PropertyValueSpecification","valueRequired":true,"valueName":"search_term_string"}}],"inLanguage":"en-GB"},{"@type":"Organization","@id":"https:\/\/gce.sk\/#organization","name":"Gajdo\u0161 - Consulting Engineers, s.r.o.","url":"https:\/\/gce.sk\/","logo":{"@type":"ImageObject","inLanguage":"en-GB","@id":"https:\/\/gce.sk\/#\/schema\/logo\/image\/","url":"https:\/\/gce.sk\/wp-content\/uploads\/2019\/02\/Logo-GC.png","contentUrl":"https:\/\/gce.sk\/wp-content\/uploads\/2019\/02\/Logo-GC.png","width":1500,"height":1500,"caption":"Gajdo\u0161 - Consulting Engineers, s.r.o."},"image":{"@id":"https:\/\/gce.sk\/#\/schema\/logo\/image\/"}}]}},"_links":{"self":[{"href":"https:\/\/gce.sk\/en\/wp-json\/wp\/v2\/pages\/761","targetHints":{"allow":["GET"]}}],"collection":[{"href":"https:\/\/gce.sk\/en\/wp-json\/wp\/v2\/pages"}],"about":[{"href":"https:\/\/gce.sk\/en\/wp-json\/wp\/v2\/types\/page"}],"author":[{"embeddable":true,"href":"https:\/\/gce.sk\/en\/wp-json\/wp\/v2\/users\/1"}],"replies":[{"embeddable":true,"href":"https:\/\/gce.sk\/en\/wp-json\/wp\/v2\/comments?post=761"}],"version-history":[{"count":2,"href":"https:\/\/gce.sk\/en\/wp-json\/wp\/v2\/pages\/761\/revisions"}],"predecessor-version":[{"id":842,"href":"https:\/\/gce.sk\/en\/wp-json\/wp\/v2\/pages\/761\/revisions\/842"}],"wp:featuredmedia":[{"embeddable":true,"href":"https:\/\/gce.sk\/en\/wp-json\/wp\/v2\/media\/841"}],"wp:attachment":[{"href":"https:\/\/gce.sk\/en\/wp-json\/wp\/v2\/media?parent=761"}],"curies":[{"name":"wp","href":"https:\/\/api.w.org\/{rel}","templated":true}]}}