{"id":757,"date":"2019-02-07T12:23:56","date_gmt":"2019-02-07T11:23:56","guid":{"rendered":"http:\/\/gce.sk\/?page_id=757"},"modified":"2025-10-29T14:20:54","modified_gmt":"2025-10-29T13:20:54","slug":"referencie-skladky-odpadu","status":"publish","type":"page","link":"https:\/\/gce.sk\/en\/referencie-skladky-odpadu\/","title":{"rendered":"Skl\u00e1dky odpadu a odkalisk\u00e1"},"content":{"rendered":"<div class=\"row ref_catlist\"><div class=\"col-sm-6 col-md-4 col-lg-3 ref_post\"><div class=\"position-relative\"><div class=\"ref_img\"><a href=\"https:\/\/gce.sk\/en\/referencie\/skladky-odpadu\/skladka-budmerice\/\" title=\"Skl\u00e1dka odpadov Budmerice, kazeta \u010d.5, sekcia S6 - S9\"><img fetchpriority=\"high\" decoding=\"async\" width=\"300\" height=\"225\" src=\"https:\/\/gce.sk\/wp-content\/uploads\/2025\/10\/D.1.3.-Priecne-rezy-1-1-scaled-e1761806174587-300x225.jpg\" class=\"lcp_thumbnail wp-post-image\" alt=\"Skl\u00e1dka odpadov Budmerice, kazeta \u010d.5, sekcia S6 - S9\" srcset=\"https:\/\/gce.sk\/wp-content\/uploads\/2025\/10\/D.1.3.-Priecne-rezy-1-1-scaled-e1761806174587-300x225.jpg 300w, https:\/\/gce.sk\/wp-content\/uploads\/2025\/10\/D.1.3.-Priecne-rezy-1-1-scaled-e1761806174587-1024x768.jpg 1024w, https:\/\/gce.sk\/wp-content\/uploads\/2025\/10\/D.1.3.-Priecne-rezy-1-1-scaled-e1761806174587-768x576.jpg 768w, https:\/\/gce.sk\/wp-content\/uploads\/2025\/10\/D.1.3.-Priecne-rezy-1-1-scaled-e1761806174587-1536x1152.jpg 1536w, https:\/\/gce.sk\/wp-content\/uploads\/2025\/10\/D.1.3.-Priecne-rezy-1-1-scaled-e1761806174587.jpg 1600w\" sizes=\"(max-width: 300px) 100vw, 300px\" \/><\/a><\/div><h5 class=\"ref_title\"><a href=\"https:\/\/gce.sk\/en\/referencie\/skladky-odpadu\/skladka-budmerice\/\">Skl\u00e1dka odpadov Budmerice, kazeta \u010d.5, sekcia S6 &#8211; S9<\/a><\/h5><\/div><\/div><div class=\"col-sm-6 col-md-4 col-lg-3 ref_post\"><div class=\"position-relative\"><div class=\"ref_img\"><a href=\"https:\/\/gce.sk\/en\/referencie\/skladky-odpadu\/rekultivacia-odkaliska-amerika\/\" title=\"Rekultiv\u00e1cia odkaliska Amerika II\"><img decoding=\"async\" width=\"300\" height=\"225\" src=\"https:\/\/gce.sk\/wp-content\/uploads\/2025\/10\/C.-Prehladna-situacia-1-2-scaled-e1761806467820-300x225.jpg\" class=\"lcp_thumbnail wp-post-image\" alt=\"Rekultiv\u00e1cia odkaliska Amerika II\" srcset=\"https:\/\/gce.sk\/wp-content\/uploads\/2025\/10\/C.-Prehladna-situacia-1-2-scaled-e1761806467820-300x225.jpg 300w, https:\/\/gce.sk\/wp-content\/uploads\/2025\/10\/C.-Prehladna-situacia-1-2-scaled-e1761806467820-1024x768.jpg 1024w, https:\/\/gce.sk\/wp-content\/uploads\/2025\/10\/C.-Prehladna-situacia-1-2-scaled-e1761806467820-768x576.jpg 768w, https:\/\/gce.sk\/wp-content\/uploads\/2025\/10\/C.-Prehladna-situacia-1-2-scaled-e1761806467820-1536x1152.jpg 1536w, https:\/\/gce.sk\/wp-content\/uploads\/2025\/10\/C.-Prehladna-situacia-1-2-scaled-e1761806467820.jpg 1600w\" sizes=\"(max-width: 300px) 100vw, 300px\" \/><\/a><\/div><h5 class=\"ref_title\"><a href=\"https:\/\/gce.sk\/en\/referencie\/skladky-odpadu\/rekultivacia-odkaliska-amerika\/\">Rekultiv\u00e1cia odkaliska Amerika II<\/a><\/h5><\/div><\/div><div class=\"col-sm-6 col-md-4 col-lg-3 ref_post\"><div class=\"position-relative\"><div class=\"ref_img\"><a href=\"https:\/\/gce.sk\/en\/referencie\/skladky-odpadu\/prievidza-plostiny-uzatvorenie-rekultivacia-skladky\/\" title=\"Prievidza-Plo\u0161tiny, SO 09 Uzatvorenie a rekultiv\u00e1cia skl\u00e1dky\"><img decoding=\"async\" width=\"300\" height=\"225\" src=\"https:\/\/gce.sk\/wp-content\/uploads\/2025\/10\/D.-Koordinacna-situacia-1-1-scaled-e1761806893530-300x225.jpg\" class=\"lcp_thumbnail wp-post-image\" alt=\"Prievidza-Plo\u0161tiny, SO 09 Uzatvorenie a rekultiv\u00e1cia skl\u00e1dky\" srcset=\"https:\/\/gce.sk\/wp-content\/uploads\/2025\/10\/D.-Koordinacna-situacia-1-1-scaled-e1761806893530-300x225.jpg 300w, https:\/\/gce.sk\/wp-content\/uploads\/2025\/10\/D.-Koordinacna-situacia-1-1-scaled-e1761806893530-1024x768.jpg 1024w, https:\/\/gce.sk\/wp-content\/uploads\/2025\/10\/D.-Koordinacna-situacia-1-1-scaled-e1761806893530-768x576.jpg 768w, https:\/\/gce.sk\/wp-content\/uploads\/2025\/10\/D.-Koordinacna-situacia-1-1-scaled-e1761806893530-1536x1152.jpg 1536w, https:\/\/gce.sk\/wp-content\/uploads\/2025\/10\/D.-Koordinacna-situacia-1-1-scaled-e1761806893530.jpg 1600w\" sizes=\"(max-width: 300px) 100vw, 300px\" \/><\/a><\/div><h5 class=\"ref_title\"><a href=\"https:\/\/gce.sk\/en\/referencie\/skladky-odpadu\/prievidza-plostiny-uzatvorenie-rekultivacia-skladky\/\">Prievidza-Plo\u0161tiny, SO 09 Uzatvorenie a rekultiv\u00e1cia skl\u00e1dky<\/a><\/h5><\/div><\/div><div class=\"col-sm-6 col-md-4 col-lg-3 ref_post\"><div class=\"position-relative\"><div class=\"ref_img\"><a href=\"https:\/\/gce.sk\/en\/referencie\/skladky-odpadu\/uzatvorenie-a-rekultivacia-skladky-odpadov-rsto\/\" title=\"Uzatvorenie a rekultiv\u00e1cia skl\u00e1dky odpadov RSTO\"><img loading=\"lazy\" decoding=\"async\" width=\"300\" height=\"225\" src=\"https:\/\/gce.sk\/wp-content\/uploads\/2019\/06\/Situacia_konecna-E.1.3-Situacia-konecna_1250-1-scaled-e1761809786853-300x225.jpg\" class=\"lcp_thumbnail wp-post-image\" alt=\"Uzatvorenie a rekultiv\u00e1cia skl\u00e1dky odpadov RSTO\" srcset=\"https:\/\/gce.sk\/wp-content\/uploads\/2019\/06\/Situacia_konecna-E.1.3-Situacia-konecna_1250-1-scaled-e1761809786853-300x225.jpg 300w, https:\/\/gce.sk\/wp-content\/uploads\/2019\/06\/Situacia_konecna-E.1.3-Situacia-konecna_1250-1-scaled-e1761809786853-1024x768.jpg 1024w, https:\/\/gce.sk\/wp-content\/uploads\/2019\/06\/Situacia_konecna-E.1.3-Situacia-konecna_1250-1-scaled-e1761809786853-768x576.jpg 768w, https:\/\/gce.sk\/wp-content\/uploads\/2019\/06\/Situacia_konecna-E.1.3-Situacia-konecna_1250-1-scaled-e1761809786853-1536x1152.jpg 1536w, https:\/\/gce.sk\/wp-content\/uploads\/2019\/06\/Situacia_konecna-E.1.3-Situacia-konecna_1250-1-scaled-e1761809786853-2048x1536.jpg 2048w\" sizes=\"(max-width: 300px) 100vw, 300px\" \/><\/a><\/div><h5 class=\"ref_title\"><a href=\"https:\/\/gce.sk\/en\/referencie\/skladky-odpadu\/uzatvorenie-a-rekultivacia-skladky-odpadov-rsto\/\">Uzatvorenie a rekultiv\u00e1cia skl\u00e1dky odpadov RSTO<\/a><\/h5><\/div><\/div><div class=\"col-sm-6 col-md-4 col-lg-3 ref_post\"><div class=\"position-relative\"><div class=\"ref_img\"><svg viewBox=\"0 0 300 225\"><rect width=\"300\" height=\"225\" style=\"fill:#6A8ED1;\" \/><\/svg><\/div><h5 class=\"ref_title\"><a href=\"https:\/\/gce.sk\/en\/referencie\/skladky-odpadu\/uzavretie-skladky-nie-nebezpecneho-odpadu-sahy-hola-straz\/\">Uzavretie skl\u00e1dky nie nebezpe\u010dn\u00e9ho odpadu \u0160ahy-Hol\u00e1 Str\u00e1\u017e<\/a><\/h5><\/div><\/div><div class=\"col-sm-6 col-md-4 col-lg-3 ref_post\"><div class=\"position-relative\"><div class=\"ref_img\"><a href=\"https:\/\/gce.sk\/en\/referencie\/skladky-odpadu\/uzavretie-a-rekultivacia-skladky-odpadu-krupina-biely-kamen\/\" title=\"Uzavretie a\u00a0rekultiv\u00e1cia skl\u00e1dky odpadu Krupina-Biely Kame\u0148\"><img loading=\"lazy\" decoding=\"async\" width=\"300\" height=\"225\" src=\"https:\/\/gce.sk\/wp-content\/uploads\/2019\/02\/Krupina-feat-300x225.jpg\" class=\"lcp_thumbnail wp-post-image\" alt=\"Uzavretie a\u00a0rekultiv\u00e1cia skl\u00e1dky odpadu Krupina-Biely Kame\u0148\" \/><\/a><\/div><h5 class=\"ref_title\"><a href=\"https:\/\/gce.sk\/en\/referencie\/skladky-odpadu\/uzavretie-a-rekultivacia-skladky-odpadu-krupina-biely-kamen\/\">Uzavretie a\u00a0rekultiv\u00e1cia skl\u00e1dky odpadu Krupina-Biely Kame\u0148<\/a><\/h5><\/div><\/div><div class=\"col-sm-6 col-md-4 col-lg-3 ref_post\"><div class=\"position-relative\"><div class=\"ref_img\"><svg viewBox=\"0 0 300 225\"><rect width=\"300\" height=\"225\" style=\"fill:#6A8ED1;\" \/><\/svg><\/div><h5 class=\"ref_title\"><a href=\"https:\/\/gce.sk\/en\/referencie\/skladky-odpadu\/skladka-odpadu-plastovce-zakrytie\/\">Skl\u00e1dka odpadu Pl\u00e1\u0161\u0165ovce-zakrytie<\/a><\/h5><\/div><\/div><div class=\"col-sm-6 col-md-4 col-lg-3 ref_post\"><div class=\"position-relative\"><div class=\"ref_img\"><svg viewBox=\"0 0 300 225\"><rect width=\"300\" height=\"225\" style=\"fill:#6A8ED1;\" \/><\/svg><\/div><h5 class=\"ref_title\"><a href=\"https:\/\/gce.sk\/en\/referencie\/skladky-odpadu\/skladka-odpadu-nenince-zakrytie\/\">Skl\u00e1dka odpadu Nenince-zakrytie<\/a><\/h5><\/div><\/div><div class=\"col-sm-6 col-md-4 col-lg-3 ref_post\"><div class=\"position-relative\"><div class=\"ref_img\"><svg viewBox=\"0 0 300 225\"><rect width=\"300\" height=\"225\" style=\"fill:#6A8ED1;\" \/><\/svg><\/div><h5 class=\"ref_title\"><a href=\"https:\/\/gce.sk\/en\/referencie\/skladky-odpadu\/skladka-odpadu-krupina-ii\/\">Skl\u00e1dka odpadu Krupina II.<\/a><\/h5><\/div><\/div><div class=\"col-sm-6 col-md-4 col-lg-3 ref_post\"><div class=\"position-relative\"><div class=\"ref_img\"><svg viewBox=\"0 0 300 225\"><rect width=\"300\" height=\"225\" style=\"fill:#6A8ED1;\" \/><\/svg><\/div><h5 class=\"ref_title\"><a href=\"https:\/\/gce.sk\/en\/referencie\/skladky-odpadu\/skladka-odpadu-krupina-i\/\">Skl\u00e1dka odpadu Krupina I.<\/a><\/h5><\/div><\/div><div class=\"col-sm-6 col-md-4 col-lg-3 ref_post\"><div class=\"position-relative\"><div class=\"ref_img\"><svg viewBox=\"0 0 300 225\"><rect width=\"300\" height=\"225\" style=\"fill:#6A8ED1;\" \/><\/svg><\/div><h5 class=\"ref_title\"><a href=\"https:\/\/gce.sk\/en\/referencie\/skladky-odpadu\/kompostaren-krupina\/\">Kompost\u00e1re\u0148 Krupina<\/a><\/h5><\/div><\/div><div class=\"col-sm-6 col-md-4 col-lg-3 ref_post\"><div class=\"position-relative\"><div class=\"ref_img\"><svg viewBox=\"0 0 300 225\"><rect width=\"300\" height=\"225\" style=\"fill:#6A8ED1;\" \/><\/svg><\/div><h5 class=\"ref_title\"><a href=\"https:\/\/gce.sk\/en\/referencie\/skladky-odpadu\/skladka-odpadu-demandice-zakrytie\/\">Skl\u00e1dka odpadu Demandice-zakrytie<\/a><\/h5><\/div><\/div><\/div>\n","protected":false},"excerpt":{"rendered":"<p> [&#8230;]<\/p>\n<p><a class=\"btn btn-secondary understrap-read-more-link\" href=\"https:\/\/gce.sk\/en\/referencie-skladky-odpadu\/\">Read More&#8230;<\/a><\/p>\n","protected":false},"author":1,"featured_media":845,"parent":0,"menu_order":0,"comment_status":"closed","ping_status":"closed","template":"","meta":{"footnotes":""},"class_list":["post-757","page","type-page","status-publish","has-post-thumbnail","hentry"],"yoast_head":"<!-- This site is optimized with the Yoast SEO plugin v27.4 - https:\/\/yoast.com\/product\/yoast-seo-wordpress\/ -->\n<title>Skl\u00e1dky odpadu a odkalisk\u00e1<\/title>\n<meta name=\"robots\" content=\"index, follow, max-snippet:-1, max-image-preview:large, max-video-preview:-1\" \/>\n<link rel=\"canonical\" href=\"https:\/\/gce.sk\/en\/referencie-skladky-odpadu\/\" \/>\n<meta property=\"og:locale\" content=\"en_GB\" \/>\n<meta property=\"og:locale:alternate\" content=\"sk_SK\" \/>\n<meta property=\"og:type\" content=\"article\" \/>\n<meta property=\"og:title\" content=\"Skl\u00e1dky odpadu a odkalisk\u00e1\" \/>\n<meta property=\"og:description\" content=\"[...]Read More...\" \/>\n<meta property=\"og:url\" content=\"https:\/\/gce.sk\/en\/referencie-skladky-odpadu\/\" \/>\n<meta property=\"og:site_name\" content=\"Gajdo\u0161 Consulting Engineers\" \/>\n<meta property=\"article:modified_time\" content=\"2025-10-29T13:20:54+00:00\" \/>\n<meta property=\"og:image\" content=\"https:\/\/gce.sk\/wp-content\/uploads\/2019\/02\/skladky_big.jpg\" \/>\n\t<meta property=\"og:image:width\" content=\"1920\" \/>\n\t<meta property=\"og:image:height\" content=\"500\" \/>\n\t<meta property=\"og:image:type\" content=\"image\/jpeg\" \/>\n<meta name=\"twitter:card\" content=\"summary_large_image\" \/>\n<script type=\"application\/ld+json\" class=\"yoast-schema-graph\">{\"@context\":\"https:\\\/\\\/schema.org\",\"@graph\":[{\"@type\":\"WebPage\",\"@id\":\"https:\\\/\\\/gce.sk\\\/referencie-skladky-odpadu\\\/\",\"url\":\"https:\\\/\\\/gce.sk\\\/referencie-skladky-odpadu\\\/\",\"name\":\"Skl\u00e1dky odpadu a odkalisk\u00e1\",\"isPartOf\":{\"@id\":\"https:\\\/\\\/gce.sk\\\/#website\"},\"primaryImageOfPage\":{\"@id\":\"https:\\\/\\\/gce.sk\\\/referencie-skladky-odpadu\\\/#primaryimage\"},\"image\":{\"@id\":\"https:\\\/\\\/gce.sk\\\/referencie-skladky-odpadu\\\/#primaryimage\"},\"thumbnailUrl\":\"https:\\\/\\\/gce.sk\\\/wp-content\\\/uploads\\\/2019\\\/02\\\/skladky_big.jpg\",\"datePublished\":\"2019-02-07T11:23:56+00:00\",\"dateModified\":\"2025-10-29T13:20:54+00:00\",\"breadcrumb\":{\"@id\":\"https:\\\/\\\/gce.sk\\\/referencie-skladky-odpadu\\\/#breadcrumb\"},\"inLanguage\":\"en-GB\",\"potentialAction\":[{\"@type\":\"ReadAction\",\"target\":[\"https:\\\/\\\/gce.sk\\\/referencie-skladky-odpadu\\\/\"]}]},{\"@type\":\"ImageObject\",\"inLanguage\":\"en-GB\",\"@id\":\"https:\\\/\\\/gce.sk\\\/referencie-skladky-odpadu\\\/#primaryimage\",\"url\":\"https:\\\/\\\/gce.sk\\\/wp-content\\\/uploads\\\/2019\\\/02\\\/skladky_big.jpg\",\"contentUrl\":\"https:\\\/\\\/gce.sk\\\/wp-content\\\/uploads\\\/2019\\\/02\\\/skladky_big.jpg\",\"width\":1920,\"height\":500},{\"@type\":\"BreadcrumbList\",\"@id\":\"https:\\\/\\\/gce.sk\\\/referencie-skladky-odpadu\\\/#breadcrumb\",\"itemListElement\":[{\"@type\":\"ListItem\",\"position\":1,\"name\":\"Home\",\"item\":\"https:\\\/\\\/gce.sk\\\/\"},{\"@type\":\"ListItem\",\"position\":2,\"name\":\"Skl\u00e1dky odpadu a odkalisk\u00e1\"}]},{\"@type\":\"WebSite\",\"@id\":\"https:\\\/\\\/gce.sk\\\/#website\",\"url\":\"https:\\\/\\\/gce.sk\\\/\",\"name\":\"Gajdo\u0161 Consulting Engineers\",\"description\":\"Projektovanie vo vodnom hospod\u00e1rstve\",\"publisher\":{\"@id\":\"https:\\\/\\\/gce.sk\\\/#organization\"},\"potentialAction\":[{\"@type\":\"SearchAction\",\"target\":{\"@type\":\"EntryPoint\",\"urlTemplate\":\"https:\\\/\\\/gce.sk\\\/?s={search_term_string}\"},\"query-input\":{\"@type\":\"PropertyValueSpecification\",\"valueRequired\":true,\"valueName\":\"search_term_string\"}}],\"inLanguage\":\"en-GB\"},{\"@type\":\"Organization\",\"@id\":\"https:\\\/\\\/gce.sk\\\/#organization\",\"name\":\"Gajdo\u0161 - Consulting Engineers, s.r.o.\",\"url\":\"https:\\\/\\\/gce.sk\\\/\",\"logo\":{\"@type\":\"ImageObject\",\"inLanguage\":\"en-GB\",\"@id\":\"https:\\\/\\\/gce.sk\\\/#\\\/schema\\\/logo\\\/image\\\/\",\"url\":\"https:\\\/\\\/gce.sk\\\/wp-content\\\/uploads\\\/2019\\\/02\\\/Logo-GC.png\",\"contentUrl\":\"https:\\\/\\\/gce.sk\\\/wp-content\\\/uploads\\\/2019\\\/02\\\/Logo-GC.png\",\"width\":1500,\"height\":1500,\"caption\":\"Gajdo\u0161 - Consulting Engineers, s.r.o.\"},\"image\":{\"@id\":\"https:\\\/\\\/gce.sk\\\/#\\\/schema\\\/logo\\\/image\\\/\"}}]}<\/script>\n<!-- \/ Yoast SEO plugin. -->","yoast_head_json":{"title":"Skl\u00e1dky odpadu a odkalisk\u00e1","robots":{"index":"index","follow":"follow","max-snippet":"max-snippet:-1","max-image-preview":"max-image-preview:large","max-video-preview":"max-video-preview:-1"},"canonical":"https:\/\/gce.sk\/en\/referencie-skladky-odpadu\/","og_locale":"en_GB","og_type":"article","og_title":"[:sk]Skl\u00e1dky odpadu a odkalisk\u00e1[:] &#8211; Gajdo\u0161 Consulting Engineers","og_description":"[...]Read More...","og_url":"https:\/\/gce.sk\/en\/referencie-skladky-odpadu\/","og_site_name":"Gajdo\u0161 Consulting Engineers","article_modified_time":"2025-10-29T13:20:54+00:00","og_image":[{"width":1920,"height":500,"url":"https:\/\/gce.sk\/wp-content\/uploads\/2019\/02\/skladky_big.jpg","type":"image\/jpeg"}],"twitter_card":"summary_large_image","schema":{"@context":"https:\/\/schema.org","@graph":[{"@type":"WebPage","@id":"https:\/\/gce.sk\/referencie-skladky-odpadu\/","url":"https:\/\/gce.sk\/referencie-skladky-odpadu\/","name":"Skl\u00e1dky odpadu a odkalisk\u00e1","isPartOf":{"@id":"https:\/\/gce.sk\/#website"},"primaryImageOfPage":{"@id":"https:\/\/gce.sk\/referencie-skladky-odpadu\/#primaryimage"},"image":{"@id":"https:\/\/gce.sk\/referencie-skladky-odpadu\/#primaryimage"},"thumbnailUrl":"https:\/\/gce.sk\/wp-content\/uploads\/2019\/02\/skladky_big.jpg","datePublished":"2019-02-07T11:23:56+00:00","dateModified":"2025-10-29T13:20:54+00:00","breadcrumb":{"@id":"https:\/\/gce.sk\/referencie-skladky-odpadu\/#breadcrumb"},"inLanguage":"en-GB","potentialAction":[{"@type":"ReadAction","target":["https:\/\/gce.sk\/referencie-skladky-odpadu\/"]}]},{"@type":"ImageObject","inLanguage":"en-GB","@id":"https:\/\/gce.sk\/referencie-skladky-odpadu\/#primaryimage","url":"https:\/\/gce.sk\/wp-content\/uploads\/2019\/02\/skladky_big.jpg","contentUrl":"https:\/\/gce.sk\/wp-content\/uploads\/2019\/02\/skladky_big.jpg","width":1920,"height":500},{"@type":"BreadcrumbList","@id":"https:\/\/gce.sk\/referencie-skladky-odpadu\/#breadcrumb","itemListElement":[{"@type":"ListItem","position":1,"name":"Home","item":"https:\/\/gce.sk\/"},{"@type":"ListItem","position":2,"name":"Skl\u00e1dky odpadu a odkalisk\u00e1"}]},{"@type":"WebSite","@id":"https:\/\/gce.sk\/#website","url":"https:\/\/gce.sk\/","name":"Gajdo\u0161 Consulting Engineers","description":"Projektovanie vo vodnom hospod\u00e1rstve","publisher":{"@id":"https:\/\/gce.sk\/#organization"},"potentialAction":[{"@type":"SearchAction","target":{"@type":"EntryPoint","urlTemplate":"https:\/\/gce.sk\/?s={search_term_string}"},"query-input":{"@type":"PropertyValueSpecification","valueRequired":true,"valueName":"search_term_string"}}],"inLanguage":"en-GB"},{"@type":"Organization","@id":"https:\/\/gce.sk\/#organization","name":"Gajdo\u0161 - Consulting Engineers, s.r.o.","url":"https:\/\/gce.sk\/","logo":{"@type":"ImageObject","inLanguage":"en-GB","@id":"https:\/\/gce.sk\/#\/schema\/logo\/image\/","url":"https:\/\/gce.sk\/wp-content\/uploads\/2019\/02\/Logo-GC.png","contentUrl":"https:\/\/gce.sk\/wp-content\/uploads\/2019\/02\/Logo-GC.png","width":1500,"height":1500,"caption":"Gajdo\u0161 - Consulting Engineers, s.r.o."},"image":{"@id":"https:\/\/gce.sk\/#\/schema\/logo\/image\/"}}]}},"_links":{"self":[{"href":"https:\/\/gce.sk\/en\/wp-json\/wp\/v2\/pages\/757","targetHints":{"allow":["GET"]}}],"collection":[{"href":"https:\/\/gce.sk\/en\/wp-json\/wp\/v2\/pages"}],"about":[{"href":"https:\/\/gce.sk\/en\/wp-json\/wp\/v2\/types\/page"}],"author":[{"embeddable":true,"href":"https:\/\/gce.sk\/en\/wp-json\/wp\/v2\/users\/1"}],"replies":[{"embeddable":true,"href":"https:\/\/gce.sk\/en\/wp-json\/wp\/v2\/comments?post=757"}],"version-history":[{"count":3,"href":"https:\/\/gce.sk\/en\/wp-json\/wp\/v2\/pages\/757\/revisions"}],"predecessor-version":[{"id":2067,"href":"https:\/\/gce.sk\/en\/wp-json\/wp\/v2\/pages\/757\/revisions\/2067"}],"wp:featuredmedia":[{"embeddable":true,"href":"https:\/\/gce.sk\/en\/wp-json\/wp\/v2\/media\/845"}],"wp:attachment":[{"href":"https:\/\/gce.sk\/en\/wp-json\/wp\/v2\/media?parent=757"}],"curies":[{"name":"wp","href":"https:\/\/api.w.org\/{rel}","templated":true}]}}