{"id":737,"date":"2019-02-07T11:57:52","date_gmt":"2019-02-07T10:57:52","guid":{"rendered":"http:\/\/gce.sk\/?page_id=737"},"modified":"2024-05-16T09:55:14","modified_gmt":"2024-05-16T08:55:14","slug":"referencie-hydrotechnicke-stavby","status":"publish","type":"page","link":"https:\/\/gce.sk\/en\/referencie-hydrotechnicke-stavby\/","title":{"rendered":"Hydrotechnick\u00e9 stavby"},"content":{"rendered":"<div class=\"row ref_catlist\"><div class=\"col-sm-6 col-md-4 col-lg-3 ref_post\"><div class=\"position-relative\"><div class=\"ref_img\"><a href=\"https:\/\/gce.sk\/en\/referencie\/hydrotechnicke-stavby\/testovaci-bazen\/\" title=\"Testovac\u00ed baz\u00e9n pre techniku\"><img fetchpriority=\"high\" decoding=\"async\" width=\"300\" height=\"225\" src=\"https:\/\/gce.sk\/wp-content\/uploads\/2025\/10\/C.-Prehladna-situacia-1-4-scaled-e1761819719124-300x225.jpg\" class=\"lcp_thumbnail wp-post-image\" alt=\"Testovac\u00ed baz\u00e9n pre techniku\" srcset=\"https:\/\/gce.sk\/wp-content\/uploads\/2025\/10\/C.-Prehladna-situacia-1-4-scaled-e1761819719124-300x225.jpg 300w, https:\/\/gce.sk\/wp-content\/uploads\/2025\/10\/C.-Prehladna-situacia-1-4-scaled-e1761819719124-768x576.jpg 768w, https:\/\/gce.sk\/wp-content\/uploads\/2025\/10\/C.-Prehladna-situacia-1-4-scaled-e1761819719124.jpg 802w\" sizes=\"(max-width: 300px) 100vw, 300px\" \/><\/a><\/div><h5 class=\"ref_title\"><a href=\"https:\/\/gce.sk\/en\/referencie\/hydrotechnicke-stavby\/testovaci-bazen\/\">Testovac\u00ed baz\u00e9n pre techniku<\/a><\/h5><\/div><\/div><div class=\"col-sm-6 col-md-4 col-lg-3 ref_post\"><div class=\"position-relative\"><div class=\"ref_img\"><a href=\"https:\/\/gce.sk\/en\/referencie\/hydrotechnicke-stavby\/vododrom_lest\/\" title=\"Water structure Bulkovec II. - reconstruction\"><img decoding=\"async\" width=\"300\" height=\"225\" src=\"https:\/\/gce.sk\/wp-content\/uploads\/2024\/05\/E.2.1.13-Podorys-1-NP_navrhovany-stav-1-e1716383136976-300x225.png\" class=\"lcp_thumbnail wp-post-image\" alt=\"Water structure Bulkovec II. - reconstruction\" srcset=\"https:\/\/gce.sk\/wp-content\/uploads\/2024\/05\/E.2.1.13-Podorys-1-NP_navrhovany-stav-1-e1716383136976-300x225.png 300w, https:\/\/gce.sk\/wp-content\/uploads\/2024\/05\/E.2.1.13-Podorys-1-NP_navrhovany-stav-1-e1716383136976-1024x768.png 1024w, https:\/\/gce.sk\/wp-content\/uploads\/2024\/05\/E.2.1.13-Podorys-1-NP_navrhovany-stav-1-e1716383136976-768x576.png 768w, https:\/\/gce.sk\/wp-content\/uploads\/2024\/05\/E.2.1.13-Podorys-1-NP_navrhovany-stav-1-e1716383136976.png 1333w\" sizes=\"(max-width: 300px) 100vw, 300px\" \/><\/a><\/div><h5 class=\"ref_title\"><a href=\"https:\/\/gce.sk\/en\/referencie\/hydrotechnicke-stavby\/vododrom_lest\/\">Water structure Bulkovec II. &#8211; reconstruction<\/a><\/h5><\/div><\/div><div class=\"col-sm-6 col-md-4 col-lg-3 ref_post\"><div class=\"position-relative\"><div class=\"ref_img\"><a href=\"https:\/\/gce.sk\/en\/referencie\/hydrotechnicke-stavby\/hladomer\/\" title=\"Water structure Bulkovec II. - reconstruction\"><img decoding=\"async\" width=\"300\" height=\"225\" src=\"https:\/\/gce.sk\/wp-content\/uploads\/2024\/05\/C.Prehladna-situacia-1-e1716380201116-300x225.png\" class=\"lcp_thumbnail wp-post-image\" alt=\"Water structure Bulkovec II. - reconstruction\" srcset=\"https:\/\/gce.sk\/wp-content\/uploads\/2024\/05\/C.Prehladna-situacia-1-e1716380201116-300x225.png 300w, https:\/\/gce.sk\/wp-content\/uploads\/2024\/05\/C.Prehladna-situacia-1-e1716380201116-1024x769.png 1024w, https:\/\/gce.sk\/wp-content\/uploads\/2024\/05\/C.Prehladna-situacia-1-e1716380201116-768x577.png 768w, https:\/\/gce.sk\/wp-content\/uploads\/2024\/05\/C.Prehladna-situacia-1-e1716380201116-1536x1153.png 1536w, https:\/\/gce.sk\/wp-content\/uploads\/2024\/05\/C.Prehladna-situacia-1-e1716380201116.png 1570w\" sizes=\"(max-width: 300px) 100vw, 300px\" \/><\/a><\/div><h5 class=\"ref_title\"><a href=\"https:\/\/gce.sk\/en\/referencie\/hydrotechnicke-stavby\/hladomer\/\">Water structure Bulkovec II. &#8211; reconstruction<\/a><\/h5><\/div><\/div><div class=\"col-sm-6 col-md-4 col-lg-3 ref_post\"><div class=\"position-relative\"><div class=\"ref_img\"><a href=\"https:\/\/gce.sk\/en\/referencie\/hydrotechnicke-stavby\/bulkovec\/\" title=\"Water structure Bulkovec II. - reconstruction\"><img loading=\"lazy\" decoding=\"async\" width=\"300\" height=\"212\" src=\"https:\/\/gce.sk\/wp-content\/uploads\/2024\/05\/E.7-Vzorovy-rez-korunou-hradze-300x212.png\" class=\"lcp_thumbnail wp-post-image\" alt=\"Water structure Bulkovec II. - reconstruction\" srcset=\"https:\/\/gce.sk\/wp-content\/uploads\/2024\/05\/E.7-Vzorovy-rez-korunou-hradze-300x212.png 300w, https:\/\/gce.sk\/wp-content\/uploads\/2024\/05\/E.7-Vzorovy-rez-korunou-hradze-1024x723.png 1024w, https:\/\/gce.sk\/wp-content\/uploads\/2024\/05\/E.7-Vzorovy-rez-korunou-hradze-768x543.png 768w, https:\/\/gce.sk\/wp-content\/uploads\/2024\/05\/E.7-Vzorovy-rez-korunou-hradze-1536x1085.png 1536w, https:\/\/gce.sk\/wp-content\/uploads\/2024\/05\/E.7-Vzorovy-rez-korunou-hradze-2048x1447.png 2048w\" sizes=\"(max-width: 300px) 100vw, 300px\" \/><\/a><\/div><h5 class=\"ref_title\"><a href=\"https:\/\/gce.sk\/en\/referencie\/hydrotechnicke-stavby\/bulkovec\/\">Water structure Bulkovec II. &#8211; reconstruction<\/a><\/h5><\/div><\/div><div class=\"col-sm-6 col-md-4 col-lg-3 ref_post\"><div class=\"position-relative\"><div class=\"ref_img\"><a href=\"https:\/\/gce.sk\/en\/referencie\/hydrotechnicke-stavby\/zvolen-hat\/\" title=\"Zvolen- ha\u0165, zabezpe\u010denie pozd\u013a\u017enej kontinuity\"><img loading=\"lazy\" decoding=\"async\" width=\"300\" height=\"207\" src=\"https:\/\/gce.sk\/wp-content\/uploads\/2024\/05\/E.1.1.2.-Situacia-2-e1715855234465-300x207.png\" class=\"lcp_thumbnail wp-post-image\" alt=\"Zvolen- ha\u0165, zabezpe\u010denie pozd\u013a\u017enej kontinuity\" srcset=\"https:\/\/gce.sk\/wp-content\/uploads\/2024\/05\/E.1.1.2.-Situacia-2-e1715855234465-300x207.png 300w, https:\/\/gce.sk\/wp-content\/uploads\/2024\/05\/E.1.1.2.-Situacia-2-e1715855234465-1024x708.png 1024w, https:\/\/gce.sk\/wp-content\/uploads\/2024\/05\/E.1.1.2.-Situacia-2-e1715855234465-768x531.png 768w, https:\/\/gce.sk\/wp-content\/uploads\/2024\/05\/E.1.1.2.-Situacia-2-e1715855234465-1536x1061.png 1536w, https:\/\/gce.sk\/wp-content\/uploads\/2024\/05\/E.1.1.2.-Situacia-2-e1715855234465.png 1718w\" sizes=\"(max-width: 300px) 100vw, 300px\" \/><\/a><\/div><h5 class=\"ref_title\"><a href=\"https:\/\/gce.sk\/en\/referencie\/hydrotechnicke-stavby\/zvolen-hat\/\">Zvolen- ha\u0165, zabezpe\u010denie pozd\u013a\u017enej kontinuity<\/a><\/h5><\/div><\/div><div class=\"col-sm-6 col-md-4 col-lg-3 ref_post\"><div class=\"position-relative\"><div class=\"ref_img\"><a href=\"https:\/\/gce.sk\/en\/referencie\/hydrotechnicke-stavby\/tesniaca-stena-projektovanie-zvolen-hydrotechnicke-vypocty-autocad\/\" title=\"VS Kuchy\u0148a - rekon\u0161trukcia telesa hr\u00e1dze\"><img loading=\"lazy\" decoding=\"async\" width=\"300\" height=\"225\" src=\"https:\/\/gce.sk\/wp-content\/uploads\/2020\/10\/kuchyna-e1716380568614-300x225.png\" class=\"lcp_thumbnail wp-post-image\" alt=\"VS Kuchy\u0148a - rekon\u0161trukcia telesa hr\u00e1dze\" srcset=\"https:\/\/gce.sk\/wp-content\/uploads\/2020\/10\/kuchyna-e1716380568614-300x225.png 300w, https:\/\/gce.sk\/wp-content\/uploads\/2020\/10\/kuchyna-e1716380568614.png 482w\" sizes=\"(max-width: 300px) 100vw, 300px\" \/><\/a><\/div><h5 class=\"ref_title\"><a href=\"https:\/\/gce.sk\/en\/referencie\/hydrotechnicke-stavby\/tesniaca-stena-projektovanie-zvolen-hydrotechnicke-vypocty-autocad\/\">VS Kuchy\u0148a &#8211; rekon\u0161trukcia telesa hr\u00e1dze<\/a><\/h5><\/div><\/div><div class=\"col-sm-6 col-md-4 col-lg-3 ref_post\"><div class=\"position-relative\"><div class=\"ref_img\"><a href=\"https:\/\/gce.sk\/en\/referencie\/hydrotechnicke-stavby\/mve-hronsky-benadik-2\/\" title=\"Simul\u00e1cia prielomovej vlny\"><img loading=\"lazy\" decoding=\"async\" width=\"300\" height=\"173\" src=\"https:\/\/gce.sk\/wp-content\/uploads\/2020\/06\/Tacony-Creek-HEC-RAS-300x173.png\" class=\"lcp_thumbnail wp-post-image\" alt=\"Simul\u00e1cia prielomovej vlny\" \/><\/a><\/div><h5 class=\"ref_title\"><a href=\"https:\/\/gce.sk\/en\/referencie\/hydrotechnicke-stavby\/mve-hronsky-benadik-2\/\">Simul\u00e1cia prielomovej vlny<\/a><\/h5><\/div><\/div><div class=\"col-sm-6 col-md-4 col-lg-3 ref_post\"><div class=\"position-relative\"><div class=\"ref_img\"><a href=\"https:\/\/gce.sk\/en\/referencie\/hydrotechnicke-stavby\/mve-hronsky-benadik\/\" title=\"MVE Hronsk\u00fd Be\u0148adik\"><img loading=\"lazy\" decoding=\"async\" width=\"300\" height=\"225\" src=\"https:\/\/gce.sk\/wp-content\/uploads\/2019\/02\/MVE_HB-feat-300x225.jpg\" class=\"lcp_thumbnail wp-post-image\" alt=\"MVE Hronsk\u00fd Be\u0148adik\" \/><\/a><\/div><h5 class=\"ref_title\"><a href=\"https:\/\/gce.sk\/en\/referencie\/hydrotechnicke-stavby\/mve-hronsky-benadik\/\">MVE Hronsk\u00fd Be\u0148adik<\/a><\/h5><\/div><\/div><div class=\"col-sm-6 col-md-4 col-lg-3 ref_post\"><div class=\"position-relative\"><div class=\"ref_img\"><a href=\"https:\/\/gce.sk\/en\/referencie\/hydrotechnicke-stavby\/rekonstrukcia-hate-bystra\/\" title=\"Rekon\u0161trukcia hate Bystr\u00e1\"><img loading=\"lazy\" decoding=\"async\" width=\"300\" height=\"225\" src=\"https:\/\/gce.sk\/wp-content\/uploads\/2019\/02\/RH-Bystra-feat-300x225.jpg\" class=\"lcp_thumbnail wp-post-image\" alt=\"Rekon\u0161trukcia hate Bystr\u00e1\" \/><\/a><\/div><h5 class=\"ref_title\"><a href=\"https:\/\/gce.sk\/en\/referencie\/hydrotechnicke-stavby\/rekonstrukcia-hate-bystra\/\">Rekon\u0161trukcia hate Bystr\u00e1<\/a><\/h5><\/div><\/div><div class=\"col-sm-6 col-md-4 col-lg-3 ref_post\"><div class=\"position-relative\"><div class=\"ref_img\"><svg viewBox=\"0 0 300 225\"><rect width=\"300\" height=\"225\" style=\"fill:#6A8ED1;\" \/><\/svg><\/div><h5 class=\"ref_title\"><a href=\"https:\/\/gce.sk\/en\/referencie\/hydrotechnicke-stavby\/mve-nitrianske-rudno-rekonstrukcia\/\">MVE Nitrianske Rudno-rekon\u0161trukcia<\/a><\/h5><\/div><\/div><div class=\"col-sm-6 col-md-4 col-lg-3 ref_post\"><div class=\"position-relative\"><div class=\"ref_img\"><a href=\"https:\/\/gce.sk\/en\/referencie\/hydrotechnicke-stavby\/mve-na-vahu-trnovec-ii\/\" title=\"MVE na V\u00e1hu Trnovec II.\"><img loading=\"lazy\" decoding=\"async\" width=\"300\" height=\"225\" src=\"https:\/\/gce.sk\/wp-content\/uploads\/2019\/02\/2011-05-02-023-300x225.jpg\" class=\"lcp_thumbnail wp-post-image\" alt=\"MVE na V\u00e1hu Trnovec II.\" srcset=\"https:\/\/gce.sk\/wp-content\/uploads\/2019\/02\/2011-05-02-023-300x225.jpg 300w, https:\/\/gce.sk\/wp-content\/uploads\/2019\/02\/2011-05-02-023.jpg 640w\" sizes=\"(max-width: 300px) 100vw, 300px\" \/><\/a><\/div><h5 class=\"ref_title\"><a href=\"https:\/\/gce.sk\/en\/referencie\/hydrotechnicke-stavby\/mve-na-vahu-trnovec-ii\/\">MVE na V\u00e1hu Trnovec II.<\/a><\/h5><\/div><\/div><div class=\"col-sm-6 col-md-4 col-lg-3 ref_post\"><div class=\"position-relative\"><div class=\"ref_img\"><a href=\"https:\/\/gce.sk\/en\/referencie\/hydrotechnicke-stavby\/mve-trnovec-i\/\" title=\"MVE \u2013 Trnovec I.\"><img loading=\"lazy\" decoding=\"async\" width=\"300\" height=\"225\" src=\"https:\/\/gce.sk\/wp-content\/uploads\/2019\/02\/Trnovec-Ib-300x225.jpg\" class=\"lcp_thumbnail wp-post-image\" alt=\"MVE \u2013 Trnovec I.\" srcset=\"https:\/\/gce.sk\/wp-content\/uploads\/2019\/02\/Trnovec-Ib-300x225.jpg 300w, https:\/\/gce.sk\/wp-content\/uploads\/2019\/02\/Trnovec-Ib-768x576.jpg 768w, https:\/\/gce.sk\/wp-content\/uploads\/2019\/02\/Trnovec-Ib-1024x768.jpg 1024w, https:\/\/gce.sk\/wp-content\/uploads\/2019\/02\/Trnovec-Ib.jpg 1200w\" sizes=\"(max-width: 300px) 100vw, 300px\" \/><\/a><\/div><h5 class=\"ref_title\"><a href=\"https:\/\/gce.sk\/en\/referencie\/hydrotechnicke-stavby\/mve-trnovec-i\/\">MVE \u2013 Trnovec I.<\/a><\/h5><\/div><\/div><div class=\"col-sm-6 col-md-4 col-lg-3 ref_post\"><div class=\"position-relative\"><div class=\"ref_img\"><svg viewBox=\"0 0 300 225\"><rect width=\"300\" height=\"225\" style=\"fill:#6A8ED1;\" \/><\/svg><\/div><h5 class=\"ref_title\"><a href=\"https:\/\/gce.sk\/en\/referencie\/hydrotechnicke-stavby\/mve-medzibrod\/\">MVE Medzibrod<\/a><\/h5><\/div><\/div><div class=\"col-sm-6 col-md-4 col-lg-3 ref_post\"><div class=\"position-relative\"><div class=\"ref_img\"><a href=\"https:\/\/gce.sk\/en\/referencie\/hydrotechnicke-stavby\/rybnik-rimavske-brezovo\/\" title=\"Rybn\u00edk Rimavsk\u00e9 Brezovo\"><img loading=\"lazy\" decoding=\"async\" width=\"300\" height=\"225\" src=\"https:\/\/gce.sk\/wp-content\/uploads\/2019\/02\/jazierko-e1716381806567-300x225.jpeg\" class=\"lcp_thumbnail wp-post-image\" alt=\"Rybn\u00edk Rimavsk\u00e9 Brezovo\" srcset=\"https:\/\/gce.sk\/wp-content\/uploads\/2019\/02\/jazierko-e1716381806567-300x225.jpeg 300w, https:\/\/gce.sk\/wp-content\/uploads\/2019\/02\/jazierko-e1716381806567-768x576.jpeg 768w, https:\/\/gce.sk\/wp-content\/uploads\/2019\/02\/jazierko-e1716381806567.jpeg 1024w\" sizes=\"(max-width: 300px) 100vw, 300px\" \/><\/a><\/div><h5 class=\"ref_title\"><a href=\"https:\/\/gce.sk\/en\/referencie\/hydrotechnicke-stavby\/rybnik-rimavske-brezovo\/\">Rybn\u00edk Rimavsk\u00e9 Brezovo<\/a><\/h5><\/div><\/div><div class=\"col-sm-6 col-md-4 col-lg-3 ref_post\"><div class=\"position-relative\"><div class=\"ref_img\"><a href=\"https:\/\/gce.sk\/en\/referencie\/hydrotechnicke-stavby\/mve-sliac\/\" title=\"MVE  Slia\u010d\"><img loading=\"lazy\" decoding=\"async\" width=\"300\" height=\"225\" src=\"https:\/\/gce.sk\/wp-content\/uploads\/2019\/02\/OIG4.93odD2-e1716380970127-300x225.jpeg\" class=\"lcp_thumbnail wp-post-image\" alt=\"MVE  Slia\u010d\" srcset=\"https:\/\/gce.sk\/wp-content\/uploads\/2019\/02\/OIG4.93odD2-e1716380970127-300x225.jpeg 300w, https:\/\/gce.sk\/wp-content\/uploads\/2019\/02\/OIG4.93odD2-e1716380970127-768x576.jpeg 768w, https:\/\/gce.sk\/wp-content\/uploads\/2019\/02\/OIG4.93odD2-e1716380970127.jpeg 1024w\" sizes=\"(max-width: 300px) 100vw, 300px\" \/><\/a><\/div><h5 class=\"ref_title\"><a href=\"https:\/\/gce.sk\/en\/referencie\/hydrotechnicke-stavby\/mve-sliac\/\">MVE  Slia\u010d<\/a><\/h5><\/div><\/div><div class=\"col-sm-6 col-md-4 col-lg-3 ref_post\"><div class=\"position-relative\"><div class=\"ref_img\"><a href=\"https:\/\/gce.sk\/en\/referencie\/hydrotechnicke-stavby\/mve-na-hrone-tura\/\" title=\"MVE na Hrone - Tur\u00e1\"><img loading=\"lazy\" decoding=\"async\" width=\"300\" height=\"225\" src=\"https:\/\/gce.sk\/wp-content\/uploads\/2019\/01\/MVE-Tura-feat-300x225.jpg\" class=\"lcp_thumbnail wp-post-image\" alt=\"MVE na Hrone - Tur\u00e1\" \/><\/a><\/div><h5 class=\"ref_title\"><a href=\"https:\/\/gce.sk\/en\/referencie\/hydrotechnicke-stavby\/mve-na-hrone-tura\/\">MVE na Hrone &#8211; Tur\u00e1<\/a><\/h5><\/div><\/div><\/div>\n","protected":false},"excerpt":{"rendered":"<p> [&#8230;]<\/p>\n<p><a class=\"btn btn-secondary understrap-read-more-link\" href=\"https:\/\/gce.sk\/en\/referencie-hydrotechnicke-stavby\/\">Read More&#8230;<\/a><\/p>\n","protected":false},"author":1,"featured_media":839,"parent":0,"menu_order":0,"comment_status":"closed","ping_status":"closed","template":"","meta":{"footnotes":""},"class_list":["post-737","page","type-page","status-publish","has-post-thumbnail","hentry"],"yoast_head":"<!-- This site is optimized with the Yoast SEO plugin v27.6 - https:\/\/yoast.com\/product\/yoast-seo-wordpress\/ -->\n<title>Hydrotechnick\u00e9 stavby<\/title>\n<meta name=\"description\" content=\"Projektovanie mal\u00fdch vodn\u00fdch elektr\u00e1rn\u00ed, hat\u00ed, n\u00e1dr\u017e\u00ed, poldrov, \u00faprav tokov a \u010fal\u0161\u00edch vodohospod\u00e1rskych stavieb. V\u00fdkon\u00e1vanie stavebn\u00e9ho dozoru a in\u017einierskej \u010dinnosti.\" \/>\n<meta name=\"robots\" content=\"index, follow, max-snippet:-1, max-image-preview:large, max-video-preview:-1\" \/>\n<link rel=\"canonical\" href=\"https:\/\/gce.sk\/en\/referencie-hydrotechnicke-stavby\/\" \/>\n<meta property=\"og:locale\" content=\"en_GB\" \/>\n<meta property=\"og:locale:alternate\" content=\"sk_SK\" \/>\n<meta property=\"og:type\" content=\"article\" \/>\n<meta property=\"og:title\" content=\"Hydrotechnick\u00e9 stavby\" \/>\n<meta property=\"og:description\" content=\"Projektovanie mal\u00fdch vodn\u00fdch elektr\u00e1rn\u00ed, hat\u00ed, n\u00e1dr\u017e\u00ed, poldrov, \u00faprav tokov a \u010fal\u0161\u00edch vodohospod\u00e1rskych stavieb. V\u00fdkon\u00e1vanie stavebn\u00e9ho dozoru a in\u017einierskej \u010dinnosti.\" \/>\n<meta property=\"og:url\" content=\"https:\/\/gce.sk\/en\/referencie-hydrotechnicke-stavby\/\" \/>\n<meta property=\"og:site_name\" content=\"Gajdo\u0161 Consulting Engineers\" \/>\n<meta property=\"article:modified_time\" content=\"2024-05-16T08:55:14+00:00\" \/>\n<meta property=\"og:image\" content=\"https:\/\/gce.sk\/wp-content\/uploads\/2019\/02\/hydrotechnicke_stavby_big.jpg\" \/>\n\t<meta property=\"og:image:width\" content=\"1920\" \/>\n\t<meta property=\"og:image:height\" content=\"500\" \/>\n\t<meta property=\"og:image:type\" content=\"image\/jpeg\" \/>\n<meta name=\"twitter:card\" content=\"summary_large_image\" \/>\n<meta name=\"twitter:label1\" content=\"Estimated reading time\" \/>\n\t<meta name=\"twitter:data1\" content=\"1 minute\" \/>\n<script type=\"application\/ld+json\" class=\"yoast-schema-graph\">{\"@context\":\"https:\\\/\\\/schema.org\",\"@graph\":[{\"@type\":\"WebPage\",\"@id\":\"https:\\\/\\\/gce.sk\\\/referencie-hydrotechnicke-stavby\\\/\",\"url\":\"https:\\\/\\\/gce.sk\\\/referencie-hydrotechnicke-stavby\\\/\",\"name\":\"Hydrotechnick\u00e9 stavby\",\"isPartOf\":{\"@id\":\"https:\\\/\\\/gce.sk\\\/#website\"},\"primaryImageOfPage\":{\"@id\":\"https:\\\/\\\/gce.sk\\\/referencie-hydrotechnicke-stavby\\\/#primaryimage\"},\"image\":{\"@id\":\"https:\\\/\\\/gce.sk\\\/referencie-hydrotechnicke-stavby\\\/#primaryimage\"},\"thumbnailUrl\":\"https:\\\/\\\/gce.sk\\\/wp-content\\\/uploads\\\/2019\\\/02\\\/hydrotechnicke_stavby_big.jpg\",\"datePublished\":\"2019-02-07T10:57:52+00:00\",\"dateModified\":\"2024-05-16T08:55:14+00:00\",\"description\":\"Projektovanie mal\u00fdch vodn\u00fdch elektr\u00e1rn\u00ed, hat\u00ed, n\u00e1dr\u017e\u00ed, poldrov, \u00faprav tokov a \u010fal\u0161\u00edch vodohospod\u00e1rskych stavieb. V\u00fdkon\u00e1vanie stavebn\u00e9ho dozoru a in\u017einierskej \u010dinnosti.\",\"breadcrumb\":{\"@id\":\"https:\\\/\\\/gce.sk\\\/referencie-hydrotechnicke-stavby\\\/#breadcrumb\"},\"inLanguage\":\"en-GB\",\"potentialAction\":[{\"@type\":\"ReadAction\",\"target\":[\"https:\\\/\\\/gce.sk\\\/referencie-hydrotechnicke-stavby\\\/\"]}]},{\"@type\":\"ImageObject\",\"inLanguage\":\"en-GB\",\"@id\":\"https:\\\/\\\/gce.sk\\\/referencie-hydrotechnicke-stavby\\\/#primaryimage\",\"url\":\"https:\\\/\\\/gce.sk\\\/wp-content\\\/uploads\\\/2019\\\/02\\\/hydrotechnicke_stavby_big.jpg\",\"contentUrl\":\"https:\\\/\\\/gce.sk\\\/wp-content\\\/uploads\\\/2019\\\/02\\\/hydrotechnicke_stavby_big.jpg\",\"width\":1920,\"height\":500},{\"@type\":\"BreadcrumbList\",\"@id\":\"https:\\\/\\\/gce.sk\\\/referencie-hydrotechnicke-stavby\\\/#breadcrumb\",\"itemListElement\":[{\"@type\":\"ListItem\",\"position\":1,\"name\":\"Home\",\"item\":\"https:\\\/\\\/gce.sk\\\/\"},{\"@type\":\"ListItem\",\"position\":2,\"name\":\"Hydrotechnick\u00e9 stavby\"}]},{\"@type\":\"WebSite\",\"@id\":\"https:\\\/\\\/gce.sk\\\/#website\",\"url\":\"https:\\\/\\\/gce.sk\\\/\",\"name\":\"Gajdo\u0161 Consulting Engineers\",\"description\":\"Projektovanie vo vodnom hospod\u00e1rstve\",\"publisher\":{\"@id\":\"https:\\\/\\\/gce.sk\\\/#organization\"},\"potentialAction\":[{\"@type\":\"SearchAction\",\"target\":{\"@type\":\"EntryPoint\",\"urlTemplate\":\"https:\\\/\\\/gce.sk\\\/?s={search_term_string}\"},\"query-input\":{\"@type\":\"PropertyValueSpecification\",\"valueRequired\":true,\"valueName\":\"search_term_string\"}}],\"inLanguage\":\"en-GB\"},{\"@type\":\"Organization\",\"@id\":\"https:\\\/\\\/gce.sk\\\/#organization\",\"name\":\"Gajdo\u0161 - Consulting Engineers, s.r.o.\",\"url\":\"https:\\\/\\\/gce.sk\\\/\",\"logo\":{\"@type\":\"ImageObject\",\"inLanguage\":\"en-GB\",\"@id\":\"https:\\\/\\\/gce.sk\\\/#\\\/schema\\\/logo\\\/image\\\/\",\"url\":\"https:\\\/\\\/gce.sk\\\/wp-content\\\/uploads\\\/2019\\\/02\\\/Logo-GC.png\",\"contentUrl\":\"https:\\\/\\\/gce.sk\\\/wp-content\\\/uploads\\\/2019\\\/02\\\/Logo-GC.png\",\"width\":1500,\"height\":1500,\"caption\":\"Gajdo\u0161 - Consulting Engineers, s.r.o.\"},\"image\":{\"@id\":\"https:\\\/\\\/gce.sk\\\/#\\\/schema\\\/logo\\\/image\\\/\"}}]}<\/script>\n<!-- \/ Yoast SEO plugin. -->","yoast_head_json":{"title":"Hydrotechnick\u00e9 stavby","description":"Projektovanie mal\u00fdch vodn\u00fdch elektr\u00e1rn\u00ed, hat\u00ed, n\u00e1dr\u017e\u00ed, poldrov, \u00faprav tokov a \u010fal\u0161\u00edch vodohospod\u00e1rskych stavieb. V\u00fdkon\u00e1vanie stavebn\u00e9ho dozoru a in\u017einierskej \u010dinnosti.","robots":{"index":"index","follow":"follow","max-snippet":"max-snippet:-1","max-image-preview":"max-image-preview:large","max-video-preview":"max-video-preview:-1"},"canonical":"https:\/\/gce.sk\/en\/referencie-hydrotechnicke-stavby\/","og_locale":"en_GB","og_type":"article","og_title":"[:sk][:sk]Hydrotechnick\u00e9 stavby[:] &#8211; Gajdo\u0161 Consulting Engineers - Zvolen[:]","og_description":"[:sk]Projektovanie mal\u00fdch vodn\u00fdch elektr\u00e1rn\u00ed, hat\u00ed, n\u00e1dr\u017e\u00ed, poldrov, \u00faprav tokov a \u010fal\u0161\u00edch vodohospod\u00e1rskych stavieb. V\u00fdkon\u00e1vanie stavebn\u00e9ho dozoru a in\u017einierskej \u010dinnosti.[:]","og_url":"https:\/\/gce.sk\/en\/referencie-hydrotechnicke-stavby\/","og_site_name":"Gajdo\u0161 Consulting Engineers","article_modified_time":"2024-05-16T08:55:14+00:00","og_image":[{"width":1920,"height":500,"url":"https:\/\/gce.sk\/wp-content\/uploads\/2019\/02\/hydrotechnicke_stavby_big.jpg","type":"image\/jpeg"}],"twitter_card":"summary_large_image","twitter_misc":{"Estimated reading time":"1 minute"},"schema":{"@context":"https:\/\/schema.org","@graph":[{"@type":"WebPage","@id":"https:\/\/gce.sk\/referencie-hydrotechnicke-stavby\/","url":"https:\/\/gce.sk\/referencie-hydrotechnicke-stavby\/","name":"Hydrotechnick\u00e9 stavby","isPartOf":{"@id":"https:\/\/gce.sk\/#website"},"primaryImageOfPage":{"@id":"https:\/\/gce.sk\/referencie-hydrotechnicke-stavby\/#primaryimage"},"image":{"@id":"https:\/\/gce.sk\/referencie-hydrotechnicke-stavby\/#primaryimage"},"thumbnailUrl":"https:\/\/gce.sk\/wp-content\/uploads\/2019\/02\/hydrotechnicke_stavby_big.jpg","datePublished":"2019-02-07T10:57:52+00:00","dateModified":"2024-05-16T08:55:14+00:00","description":"Projektovanie mal\u00fdch vodn\u00fdch elektr\u00e1rn\u00ed, hat\u00ed, n\u00e1dr\u017e\u00ed, poldrov, \u00faprav tokov a \u010fal\u0161\u00edch vodohospod\u00e1rskych stavieb. V\u00fdkon\u00e1vanie stavebn\u00e9ho dozoru a in\u017einierskej \u010dinnosti.","breadcrumb":{"@id":"https:\/\/gce.sk\/referencie-hydrotechnicke-stavby\/#breadcrumb"},"inLanguage":"en-GB","potentialAction":[{"@type":"ReadAction","target":["https:\/\/gce.sk\/referencie-hydrotechnicke-stavby\/"]}]},{"@type":"ImageObject","inLanguage":"en-GB","@id":"https:\/\/gce.sk\/referencie-hydrotechnicke-stavby\/#primaryimage","url":"https:\/\/gce.sk\/wp-content\/uploads\/2019\/02\/hydrotechnicke_stavby_big.jpg","contentUrl":"https:\/\/gce.sk\/wp-content\/uploads\/2019\/02\/hydrotechnicke_stavby_big.jpg","width":1920,"height":500},{"@type":"BreadcrumbList","@id":"https:\/\/gce.sk\/referencie-hydrotechnicke-stavby\/#breadcrumb","itemListElement":[{"@type":"ListItem","position":1,"name":"Home","item":"https:\/\/gce.sk\/"},{"@type":"ListItem","position":2,"name":"Hydrotechnick\u00e9 stavby"}]},{"@type":"WebSite","@id":"https:\/\/gce.sk\/#website","url":"https:\/\/gce.sk\/","name":"Gajdo\u0161 Consulting Engineers","description":"Projektovanie vo vodnom hospod\u00e1rstve","publisher":{"@id":"https:\/\/gce.sk\/#organization"},"potentialAction":[{"@type":"SearchAction","target":{"@type":"EntryPoint","urlTemplate":"https:\/\/gce.sk\/?s={search_term_string}"},"query-input":{"@type":"PropertyValueSpecification","valueRequired":true,"valueName":"search_term_string"}}],"inLanguage":"en-GB"},{"@type":"Organization","@id":"https:\/\/gce.sk\/#organization","name":"Gajdo\u0161 - Consulting Engineers, s.r.o.","url":"https:\/\/gce.sk\/","logo":{"@type":"ImageObject","inLanguage":"en-GB","@id":"https:\/\/gce.sk\/#\/schema\/logo\/image\/","url":"https:\/\/gce.sk\/wp-content\/uploads\/2019\/02\/Logo-GC.png","contentUrl":"https:\/\/gce.sk\/wp-content\/uploads\/2019\/02\/Logo-GC.png","width":1500,"height":1500,"caption":"Gajdo\u0161 - Consulting Engineers, s.r.o."},"image":{"@id":"https:\/\/gce.sk\/#\/schema\/logo\/image\/"}}]}},"_links":{"self":[{"href":"https:\/\/gce.sk\/en\/wp-json\/wp\/v2\/pages\/737","targetHints":{"allow":["GET"]}}],"collection":[{"href":"https:\/\/gce.sk\/en\/wp-json\/wp\/v2\/pages"}],"about":[{"href":"https:\/\/gce.sk\/en\/wp-json\/wp\/v2\/types\/page"}],"author":[{"embeddable":true,"href":"https:\/\/gce.sk\/en\/wp-json\/wp\/v2\/users\/1"}],"replies":[{"embeddable":true,"href":"https:\/\/gce.sk\/en\/wp-json\/wp\/v2\/comments?post=737"}],"version-history":[{"count":4,"href":"https:\/\/gce.sk\/en\/wp-json\/wp\/v2\/pages\/737\/revisions"}],"predecessor-version":[{"id":1223,"href":"https:\/\/gce.sk\/en\/wp-json\/wp\/v2\/pages\/737\/revisions\/1223"}],"wp:featuredmedia":[{"embeddable":true,"href":"https:\/\/gce.sk\/en\/wp-json\/wp\/v2\/media\/839"}],"wp:attachment":[{"href":"https:\/\/gce.sk\/en\/wp-json\/wp\/v2\/media?parent=737"}],"curies":[{"name":"wp","href":"https:\/\/api.w.org\/{rel}","templated":true}]}}