{"id":41,"date":"2018-07-04T09:47:57","date_gmt":"2018-07-04T08:47:57","guid":{"rendered":"http:\/\/gce.sk\/?page_id=41"},"modified":"2024-10-16T07:47:31","modified_gmt":"2024-10-16T06:47:31","slug":"stavebny-dozor","status":"publish","type":"page","link":"https:\/\/gce.sk\/en\/stavebny-dozor\/","title":{"rendered":"Stavebn\u00fd dozor"},"content":{"rendered":"<p>Je realizovan\u00fd prostredn\u00edctvom autorizovan\u00fdch stavebn\u00fdch in\u017einierov s osved\u010deniami pre komplexn\u00e9 architektonick\u00e9 a in\u017einierske slu\u017eby v uveden\u00fdch kateg\u00f3ri\u00e1ch, v zmysle z\u00e1kona \u010d. 138\/1992 Zb. v znen\u00ed z\u00e1kona \u010d. 236\/2000 Z.z.<\/p>\n<p>Na\u0161a spolo\u010dnos\u0165 poskytuje slu\u017eby stavebn\u00e9ho dozoru a ostatn\u00fdch odborn\u00edkov na stavb\u00e1ch v kateg\u00f3ri\u00e1ch:<\/p>\n<ul>\n<li><strong>In\u017einierske stavby<\/strong> &#8211; vodohospod\u00e1rske stavby, potrubn\u00e9, energetick\u00e9 a in\u00e9 l\u00edniov\u00e9 stavby komplexn\u00e9 priemyseln\u00e9 stavby<\/li>\n<\/ul>\n\n<div id=\"pl-gb41-69e78dba77915\"  class=\"panel-layout\" ><div id=\"pg-gb41-69e78dba77915-0\"  class=\"panel-grid panel-no-style\" ><div id=\"pgc-gb41-69e78dba77915-0-0\"  class=\"panel-grid-cell\" ><div id=\"panel-gb41-69e78dba77915-0-0-0\" class=\"so-panel widget widget_media_gallery panel-first-child panel-last-child\" data-index=\"0\" ><div id='gallery-1' class='gallery galleryid-41 gallery-columns-4 gallery-size-medium'><figure class='gallery-item'>\r\n\t\t\t<div class='gallery-icon portrait'>\r\n\t\t\t\t<a href='https:\/\/gce.sk\/wp-content\/uploads\/2019\/02\/20170911_130134.jpg' title=\"\" data-rl_title=\"\" class=\"rl-gallery-link\" data-rl_caption=\"\" data-rel=\"lightbox-gallery-0\"><img fetchpriority=\"high\" decoding=\"async\" width=\"169\" height=\"300\" src=\"https:\/\/gce.sk\/wp-content\/uploads\/2019\/02\/20170911_130134-169x300.jpg\" class=\"attachment-medium size-medium\" alt=\"\" srcset=\"https:\/\/gce.sk\/wp-content\/uploads\/2019\/02\/20170911_130134-169x300.jpg 169w, https:\/\/gce.sk\/wp-content\/uploads\/2019\/02\/20170911_130134.jpg 507w\" sizes=\"(max-width: 169px) 100vw, 169px\" \/><\/a>\r\n\t\t\t<\/div><\/figure><figure class='gallery-item'>\r\n\t\t\t<div class='gallery-icon landscape'>\r\n\t\t\t\t<a href='https:\/\/gce.sk\/wp-content\/uploads\/2019\/02\/20170815_130844.jpg' title=\"\" data-rl_title=\"\" class=\"rl-gallery-link\" data-rl_caption=\"\" data-rel=\"lightbox-gallery-0\"><img decoding=\"async\" width=\"300\" height=\"225\" src=\"https:\/\/gce.sk\/wp-content\/uploads\/2019\/02\/20170815_130844-300x225.jpg\" class=\"attachment-medium size-medium\" alt=\"\" srcset=\"https:\/\/gce.sk\/wp-content\/uploads\/2019\/02\/20170815_130844-300x225.jpg 300w, https:\/\/gce.sk\/wp-content\/uploads\/2019\/02\/20170815_130844-768x576.jpg 768w, https:\/\/gce.sk\/wp-content\/uploads\/2019\/02\/20170815_130844-1024x768.jpg 1024w, https:\/\/gce.sk\/wp-content\/uploads\/2019\/02\/20170815_130844.jpg 1200w\" sizes=\"(max-width: 300px) 100vw, 300px\" \/><\/a>\r\n\t\t\t<\/div><\/figure><figure class='gallery-item'>\r\n\t\t\t<div class='gallery-icon landscape'>\r\n\t\t\t\t<a href='https:\/\/gce.sk\/wp-content\/uploads\/2019\/02\/\u010cOV-17.jpg' title=\"\" data-rl_title=\"\" class=\"rl-gallery-link\" data-rl_caption=\"\" data-rel=\"lightbox-gallery-0\"><img decoding=\"async\" width=\"300\" height=\"225\" src=\"https:\/\/gce.sk\/wp-content\/uploads\/2019\/02\/\u010cOV-17-300x225.jpg\" class=\"attachment-medium size-medium\" alt=\"\" srcset=\"https:\/\/gce.sk\/wp-content\/uploads\/2019\/02\/\u010cOV-17-300x225.jpg 300w, https:\/\/gce.sk\/wp-content\/uploads\/2019\/02\/\u010cOV-17-768x576.jpg 768w, https:\/\/gce.sk\/wp-content\/uploads\/2019\/02\/\u010cOV-17.jpg 1024w\" sizes=\"(max-width: 300px) 100vw, 300px\" \/><\/a>\r\n\t\t\t<\/div><\/figure><figure class='gallery-item'>\r\n\t\t\t<div class='gallery-icon landscape'>\r\n\t\t\t\t<a href='https:\/\/gce.sk\/wp-content\/uploads\/2019\/02\/stavebny_dozor.jpg' title=\"\" data-rl_title=\"\" class=\"rl-gallery-link\" data-rl_caption=\"\" data-rel=\"lightbox-gallery-0\"><img loading=\"lazy\" decoding=\"async\" width=\"300\" height=\"89\" src=\"https:\/\/gce.sk\/wp-content\/uploads\/2019\/02\/stavebny_dozor-300x89.jpg\" class=\"attachment-medium size-medium\" alt=\"\" srcset=\"https:\/\/gce.sk\/wp-content\/uploads\/2019\/02\/stavebny_dozor-300x89.jpg 300w, https:\/\/gce.sk\/wp-content\/uploads\/2019\/02\/stavebny_dozor-768x228.jpg 768w, https:\/\/gce.sk\/wp-content\/uploads\/2019\/02\/stavebny_dozor-1024x304.jpg 1024w, https:\/\/gce.sk\/wp-content\/uploads\/2019\/02\/stavebny_dozor.jpg 1920w\" sizes=\"(max-width: 300px) 100vw, 300px\" \/><\/a>\r\n\t\t\t<\/div><\/figure><\/div>\n<\/div><\/div><\/div><\/div>","protected":false},"excerpt":{"rendered":"<p>Je realizovan\u00fd prostredn\u00edctvom autorizovan\u00fdch stavebn\u00fdch in\u017einierov s osved\u010deniami pre komplexn\u00e9 architektonick\u00e9 a in\u017einierske slu\u017eby v uveden\u00fdch kateg\u00f3ri\u00e1ch, v zmysle z\u00e1kona \u010d. 138\/1992 Zb. v znen\u00ed z\u00e1kona \u010d. 236\/2000 Z.z. Na\u0161a spolo\u010dnos\u0165 poskytuje slu\u017eby stavebn\u00e9ho dozoru a ostatn\u00fdch odborn\u00edkov na stavb\u00e1ch v kateg\u00f3ri\u00e1ch: In\u017einierske stavby &#8211; vodohospod\u00e1rske stavby, potrubn\u00e9, energetick\u00e9 a in\u00e9 l\u00edniov\u00e9 stavby komplexn\u00e9 priemyseln\u00e9 [&#8230;]<\/p>\n<p><a class=\"btn btn-secondary understrap-read-more-link\" href=\"https:\/\/gce.sk\/en\/stavebny-dozor\/\">Read More&#8230;<\/a><\/p>\n","protected":false},"author":1,"featured_media":849,"parent":0,"menu_order":0,"comment_status":"closed","ping_status":"closed","template":"page-templates\/fullwidthpage.php","meta":{"footnotes":""},"class_list":["post-41","page","type-page","status-publish","has-post-thumbnail","hentry"],"yoast_head":"<!-- This site is optimized with the Yoast SEO plugin v27.4 - https:\/\/yoast.com\/product\/yoast-seo-wordpress\/ -->\n<title>Stavebn\u00fd dozor<\/title>\n<meta name=\"robots\" content=\"index, follow, max-snippet:-1, max-image-preview:large, max-video-preview:-1\" \/>\n<link rel=\"canonical\" href=\"https:\/\/gce.sk\/en\/stavebny-dozor\/\" \/>\n<meta property=\"og:locale\" content=\"en_GB\" \/>\n<meta property=\"og:locale:alternate\" content=\"sk_SK\" \/>\n<meta property=\"og:type\" content=\"article\" \/>\n<meta property=\"og:title\" content=\"Stavebn\u00fd dozor\" \/>\n<meta property=\"og:description\" content=\"Je realizovan\u00fd prostredn\u00edctvom autorizovan\u00fdch stavebn\u00fdch in\u017einierov s osved\u010deniami pre komplexn\u00e9 architektonick\u00e9 a in\u017einierske slu\u017eby v uveden\u00fdch kateg\u00f3ri\u00e1ch, v zmysle z\u00e1kona \u010d. 138\/1992 Zb. v znen\u00ed z\u00e1kona \u010d. 236\/2000 Z.z. Na\u0161a spolo\u010dnos\u0165 poskytuje slu\u017eby stavebn\u00e9ho dozoru a ostatn\u00fdch odborn\u00edkov na stavb\u00e1ch v kateg\u00f3ri\u00e1ch: In\u017einierske stavby &#8211; vodohospod\u00e1rske stavby, potrubn\u00e9, energetick\u00e9 a in\u00e9 l\u00edniov\u00e9 stavby komplexn\u00e9 priemyseln\u00e9 [...]Read More...\" \/>\n<meta property=\"og:url\" content=\"https:\/\/gce.sk\/en\/stavebny-dozor\/\" \/>\n<meta property=\"og:site_name\" content=\"Gajdo\u0161 Consulting Engineers\" \/>\n<meta property=\"article:modified_time\" content=\"2024-10-16T06:47:31+00:00\" \/>\n<meta property=\"og:image\" content=\"https:\/\/gce.sk\/wp-content\/uploads\/2019\/02\/stavebny_dozor.jpg\" \/>\n\t<meta property=\"og:image:width\" content=\"1920\" \/>\n\t<meta property=\"og:image:height\" content=\"570\" \/>\n\t<meta property=\"og:image:type\" content=\"image\/jpeg\" \/>\n<meta name=\"twitter:card\" content=\"summary_large_image\" \/>\n<meta name=\"twitter:label1\" content=\"Estimated reading time\" \/>\n\t<meta name=\"twitter:data1\" content=\"2 minutes\" \/>\n<script type=\"application\/ld+json\" class=\"yoast-schema-graph\">{\"@context\":\"https:\\\/\\\/schema.org\",\"@graph\":[{\"@type\":\"WebPage\",\"@id\":\"https:\\\/\\\/gce.sk\\\/stavebny-dozor\\\/\",\"url\":\"https:\\\/\\\/gce.sk\\\/stavebny-dozor\\\/\",\"name\":\"Stavebn\u00fd dozor\",\"isPartOf\":{\"@id\":\"https:\\\/\\\/gce.sk\\\/#website\"},\"primaryImageOfPage\":{\"@id\":\"https:\\\/\\\/gce.sk\\\/stavebny-dozor\\\/#primaryimage\"},\"image\":{\"@id\":\"https:\\\/\\\/gce.sk\\\/stavebny-dozor\\\/#primaryimage\"},\"thumbnailUrl\":\"https:\\\/\\\/gce.sk\\\/wp-content\\\/uploads\\\/2019\\\/02\\\/stavebny_dozor.jpg\",\"datePublished\":\"2018-07-04T08:47:57+00:00\",\"dateModified\":\"2024-10-16T06:47:31+00:00\",\"breadcrumb\":{\"@id\":\"https:\\\/\\\/gce.sk\\\/stavebny-dozor\\\/#breadcrumb\"},\"inLanguage\":\"en-GB\",\"potentialAction\":[{\"@type\":\"ReadAction\",\"target\":[\"https:\\\/\\\/gce.sk\\\/stavebny-dozor\\\/\"]}]},{\"@type\":\"ImageObject\",\"inLanguage\":\"en-GB\",\"@id\":\"https:\\\/\\\/gce.sk\\\/stavebny-dozor\\\/#primaryimage\",\"url\":\"https:\\\/\\\/gce.sk\\\/wp-content\\\/uploads\\\/2019\\\/02\\\/stavebny_dozor.jpg\",\"contentUrl\":\"https:\\\/\\\/gce.sk\\\/wp-content\\\/uploads\\\/2019\\\/02\\\/stavebny_dozor.jpg\",\"width\":1920,\"height\":570},{\"@type\":\"BreadcrumbList\",\"@id\":\"https:\\\/\\\/gce.sk\\\/stavebny-dozor\\\/#breadcrumb\",\"itemListElement\":[{\"@type\":\"ListItem\",\"position\":1,\"name\":\"Home\",\"item\":\"https:\\\/\\\/gce.sk\\\/\"},{\"@type\":\"ListItem\",\"position\":2,\"name\":\"Stavebn\u00fd dozor\"}]},{\"@type\":\"WebSite\",\"@id\":\"https:\\\/\\\/gce.sk\\\/#website\",\"url\":\"https:\\\/\\\/gce.sk\\\/\",\"name\":\"Gajdo\u0161 Consulting Engineers\",\"description\":\"Projektovanie vo vodnom hospod\u00e1rstve\",\"publisher\":{\"@id\":\"https:\\\/\\\/gce.sk\\\/#organization\"},\"potentialAction\":[{\"@type\":\"SearchAction\",\"target\":{\"@type\":\"EntryPoint\",\"urlTemplate\":\"https:\\\/\\\/gce.sk\\\/?s={search_term_string}\"},\"query-input\":{\"@type\":\"PropertyValueSpecification\",\"valueRequired\":true,\"valueName\":\"search_term_string\"}}],\"inLanguage\":\"en-GB\"},{\"@type\":\"Organization\",\"@id\":\"https:\\\/\\\/gce.sk\\\/#organization\",\"name\":\"Gajdo\u0161 - Consulting Engineers, s.r.o.\",\"url\":\"https:\\\/\\\/gce.sk\\\/\",\"logo\":{\"@type\":\"ImageObject\",\"inLanguage\":\"en-GB\",\"@id\":\"https:\\\/\\\/gce.sk\\\/#\\\/schema\\\/logo\\\/image\\\/\",\"url\":\"https:\\\/\\\/gce.sk\\\/wp-content\\\/uploads\\\/2019\\\/02\\\/Logo-GC.png\",\"contentUrl\":\"https:\\\/\\\/gce.sk\\\/wp-content\\\/uploads\\\/2019\\\/02\\\/Logo-GC.png\",\"width\":1500,\"height\":1500,\"caption\":\"Gajdo\u0161 - Consulting Engineers, s.r.o.\"},\"image\":{\"@id\":\"https:\\\/\\\/gce.sk\\\/#\\\/schema\\\/logo\\\/image\\\/\"}}]}<\/script>\n<!-- \/ Yoast SEO plugin. -->","yoast_head_json":{"title":"Stavebn\u00fd dozor","robots":{"index":"index","follow":"follow","max-snippet":"max-snippet:-1","max-image-preview":"max-image-preview:large","max-video-preview":"max-video-preview:-1"},"canonical":"https:\/\/gce.sk\/en\/stavebny-dozor\/","og_locale":"en_GB","og_type":"article","og_title":"[:sk]Stavebn\u00fd dozor[:] &#8211; Gajdo\u0161 Consulting Engineers","og_description":"Je realizovan\u00fd prostredn\u00edctvom autorizovan\u00fdch stavebn\u00fdch in\u017einierov s osved\u010deniami pre komplexn\u00e9 architektonick\u00e9 a in\u017einierske slu\u017eby v uveden\u00fdch kateg\u00f3ri\u00e1ch, v zmysle z\u00e1kona \u010d. 138\/1992 Zb. v znen\u00ed z\u00e1kona \u010d. 236\/2000 Z.z. Na\u0161a spolo\u010dnos\u0165 poskytuje slu\u017eby stavebn\u00e9ho dozoru a ostatn\u00fdch odborn\u00edkov na stavb\u00e1ch v kateg\u00f3ri\u00e1ch: In\u017einierske stavby &#8211; vodohospod\u00e1rske stavby, potrubn\u00e9, energetick\u00e9 a in\u00e9 l\u00edniov\u00e9 stavby komplexn\u00e9 priemyseln\u00e9 [...]Read More...","og_url":"https:\/\/gce.sk\/en\/stavebny-dozor\/","og_site_name":"Gajdo\u0161 Consulting Engineers","article_modified_time":"2024-10-16T06:47:31+00:00","og_image":[{"width":1920,"height":570,"url":"https:\/\/gce.sk\/wp-content\/uploads\/2019\/02\/stavebny_dozor.jpg","type":"image\/jpeg"}],"twitter_card":"summary_large_image","twitter_misc":{"Estimated reading time":"2 minutes"},"schema":{"@context":"https:\/\/schema.org","@graph":[{"@type":"WebPage","@id":"https:\/\/gce.sk\/stavebny-dozor\/","url":"https:\/\/gce.sk\/stavebny-dozor\/","name":"Stavebn\u00fd dozor","isPartOf":{"@id":"https:\/\/gce.sk\/#website"},"primaryImageOfPage":{"@id":"https:\/\/gce.sk\/stavebny-dozor\/#primaryimage"},"image":{"@id":"https:\/\/gce.sk\/stavebny-dozor\/#primaryimage"},"thumbnailUrl":"https:\/\/gce.sk\/wp-content\/uploads\/2019\/02\/stavebny_dozor.jpg","datePublished":"2018-07-04T08:47:57+00:00","dateModified":"2024-10-16T06:47:31+00:00","breadcrumb":{"@id":"https:\/\/gce.sk\/stavebny-dozor\/#breadcrumb"},"inLanguage":"en-GB","potentialAction":[{"@type":"ReadAction","target":["https:\/\/gce.sk\/stavebny-dozor\/"]}]},{"@type":"ImageObject","inLanguage":"en-GB","@id":"https:\/\/gce.sk\/stavebny-dozor\/#primaryimage","url":"https:\/\/gce.sk\/wp-content\/uploads\/2019\/02\/stavebny_dozor.jpg","contentUrl":"https:\/\/gce.sk\/wp-content\/uploads\/2019\/02\/stavebny_dozor.jpg","width":1920,"height":570},{"@type":"BreadcrumbList","@id":"https:\/\/gce.sk\/stavebny-dozor\/#breadcrumb","itemListElement":[{"@type":"ListItem","position":1,"name":"Home","item":"https:\/\/gce.sk\/"},{"@type":"ListItem","position":2,"name":"Stavebn\u00fd dozor"}]},{"@type":"WebSite","@id":"https:\/\/gce.sk\/#website","url":"https:\/\/gce.sk\/","name":"Gajdo\u0161 Consulting Engineers","description":"Projektovanie vo vodnom hospod\u00e1rstve","publisher":{"@id":"https:\/\/gce.sk\/#organization"},"potentialAction":[{"@type":"SearchAction","target":{"@type":"EntryPoint","urlTemplate":"https:\/\/gce.sk\/?s={search_term_string}"},"query-input":{"@type":"PropertyValueSpecification","valueRequired":true,"valueName":"search_term_string"}}],"inLanguage":"en-GB"},{"@type":"Organization","@id":"https:\/\/gce.sk\/#organization","name":"Gajdo\u0161 - Consulting Engineers, s.r.o.","url":"https:\/\/gce.sk\/","logo":{"@type":"ImageObject","inLanguage":"en-GB","@id":"https:\/\/gce.sk\/#\/schema\/logo\/image\/","url":"https:\/\/gce.sk\/wp-content\/uploads\/2019\/02\/Logo-GC.png","contentUrl":"https:\/\/gce.sk\/wp-content\/uploads\/2019\/02\/Logo-GC.png","width":1500,"height":1500,"caption":"Gajdo\u0161 - Consulting Engineers, s.r.o."},"image":{"@id":"https:\/\/gce.sk\/#\/schema\/logo\/image\/"}}]}},"_links":{"self":[{"href":"https:\/\/gce.sk\/en\/wp-json\/wp\/v2\/pages\/41","targetHints":{"allow":["GET"]}}],"collection":[{"href":"https:\/\/gce.sk\/en\/wp-json\/wp\/v2\/pages"}],"about":[{"href":"https:\/\/gce.sk\/en\/wp-json\/wp\/v2\/types\/page"}],"author":[{"embeddable":true,"href":"https:\/\/gce.sk\/en\/wp-json\/wp\/v2\/users\/1"}],"replies":[{"embeddable":true,"href":"https:\/\/gce.sk\/en\/wp-json\/wp\/v2\/comments?post=41"}],"version-history":[{"count":4,"href":"https:\/\/gce.sk\/en\/wp-json\/wp\/v2\/pages\/41\/revisions"}],"predecessor-version":[{"id":2026,"href":"https:\/\/gce.sk\/en\/wp-json\/wp\/v2\/pages\/41\/revisions\/2026"}],"wp:featuredmedia":[{"embeddable":true,"href":"https:\/\/gce.sk\/en\/wp-json\/wp\/v2\/media\/849"}],"wp:attachment":[{"href":"https:\/\/gce.sk\/en\/wp-json\/wp\/v2\/media?parent=41"}],"curies":[{"name":"wp","href":"https:\/\/api.w.org\/{rel}","templated":true}]}}