{"id":4,"date":"2018-06-29T12:08:46","date_gmt":"2018-06-29T11:08:46","guid":{"rendered":"http:\/\/gce.sk\/?page_id=4"},"modified":"2025-10-29T14:21:53","modified_gmt":"2025-10-29T13:21:53","slug":"domov","status":"publish","type":"page","link":"https:\/\/gce.sk\/en\/","title":{"rendered":"Home"},"content":{"rendered":"<div id=\"pl-4\"  class=\"panel-layout\" ><div id=\"pg-4-0\"  class=\"panel-grid panel-has-style\" ><div class=\"siteorigin-panels-stretch panel-row-style panel-row-style-for-4-0\" data-stretch-type=\"full\" ><div id=\"pgc-4-0-0\"  class=\"panel-grid-cell\" ><div id=\"panel-4-0-0-0\" class=\"so-panel widget widget_sow-editor panel-first-child panel-last-child\" data-index=\"0\" ><div\n\t\t\t\n\t\t\tclass=\"so-widget-sow-editor so-widget-sow-editor-base\"\n\t\t\t\n\t\t>\n<div class=\"siteorigin-widget-tinymce textwidget\">\n\t<h2 id=\"sluzby\" class=\"small-screen-headline\">Our Services<\/h2>\n<\/div>\n<\/div><\/div><\/div><\/div><\/div><div id=\"pg-4-1\"  class=\"panel-grid panel-has-style\" ><div class=\"services panel-row-style panel-row-style-for-4-1\" ><div id=\"pgc-4-1-0\"  class=\"panel-grid-cell\" ><div id=\"panel-4-1-0-0\" class=\"so-panel widget widget_media_image panel-first-child\" data-index=\"1\" ><div class=\"text-center panel-widget-style panel-widget-style-for-4-1-0-0\" ><a href=\"http:\/\/gce.sk\/stavebny-dozor\/\"><img fetchpriority=\"high\" decoding=\"async\" width=\"300\" height=\"176\" src=\"https:\/\/gce.sk\/wp-content\/uploads\/2019\/01\/34-Construction_helmet-512x300-300x176.png\" class=\"image wp-image-202 img-fluid attachment-medium size-medium\" alt=\"\" style=\"max-width: 100%; height: auto;\" srcset=\"https:\/\/gce.sk\/wp-content\/uploads\/2019\/01\/34-Construction_helmet-512x300-300x176.png 300w, https:\/\/gce.sk\/wp-content\/uploads\/2019\/01\/34-Construction_helmet-512x300.png 512w\" sizes=\"(max-width: 300px) 100vw, 300px\" \/><\/a><\/div><\/div><div id=\"panel-4-1-0-1\" class=\"so-panel widget widget_sow-editor panel-last-child\" data-index=\"2\" ><div class=\"service-link panel-widget-style panel-widget-style-for-4-1-0-1\" ><div\n\t\t\t\n\t\t\tclass=\"so-widget-sow-editor so-widget-sow-editor-base\"\n\t\t\t\n\t\t>\n<div class=\"siteorigin-widget-tinymce textwidget\">\n\t<h3 style=\"text-align: center;\"><a href=\"http:\/\/gce.sk\/en\/stavebny-dozor\/\">Supervision<\/a><\/h3>\n<\/div>\n<\/div><\/div><\/div><\/div><div id=\"pgc-4-1-1\"  class=\"panel-grid-cell\" ><div id=\"panel-4-1-1-0\" class=\"so-panel widget widget_media_image panel-first-child\" data-index=\"3\" ><div class=\"text-center panel-widget-style panel-widget-style-for-4-1-1-0\" ><a href=\"http:\/\/gce.sk\/projekcne-prace\/\"><img decoding=\"async\" width=\"300\" height=\"176\" src=\"https:\/\/gce.sk\/wp-content\/uploads\/2019\/01\/34-Architecture_Plan-512x300-300x176.png\" class=\"image wp-image-199 img-fluid attachment-medium size-medium\" alt=\"\" style=\"max-width: 100%; height: auto;\" srcset=\"https:\/\/gce.sk\/wp-content\/uploads\/2019\/01\/34-Architecture_Plan-512x300-300x176.png 300w, https:\/\/gce.sk\/wp-content\/uploads\/2019\/01\/34-Architecture_Plan-512x300.png 512w\" sizes=\"(max-width: 300px) 100vw, 300px\" \/><\/a><\/div><\/div><div id=\"panel-4-1-1-1\" class=\"so-panel widget widget_sow-editor panel-last-child\" data-index=\"4\" ><div class=\"service-link panel-widget-style panel-widget-style-for-4-1-1-1\" ><div\n\t\t\t\n\t\t\tclass=\"so-widget-sow-editor so-widget-sow-editor-base\"\n\t\t\t\n\t\t>\n<div class=\"siteorigin-widget-tinymce textwidget\">\n\t<h3 style=\"text-align: center;\"><a href=\"http:\/\/gce.sk\/en\/projekcne-prace\/\">Design services<\/a><\/h3>\n<\/div>\n<\/div><\/div><\/div><\/div><div id=\"pgc-4-1-2\"  class=\"panel-grid-cell\" ><div id=\"panel-4-1-2-0\" class=\"so-panel widget widget_media_image panel-first-child\" data-index=\"5\" ><div class=\"text-center panel-widget-style panel-widget-style-for-4-1-2-0\" ><a href=\"http:\/\/gce.sk\/inzinierska-cinnost\/\"><img decoding=\"async\" width=\"300\" height=\"176\" src=\"https:\/\/gce.sk\/wp-content\/uploads\/2018\/07\/BT_binder-512x300-300x176.png\" class=\"image wp-image-63 img-fluid attachment-medium size-medium\" alt=\"\" style=\"max-width: 100%; height: auto;\" srcset=\"https:\/\/gce.sk\/wp-content\/uploads\/2018\/07\/BT_binder-512x300-300x176.png 300w, https:\/\/gce.sk\/wp-content\/uploads\/2018\/07\/BT_binder-512x300.png 512w\" sizes=\"(max-width: 300px) 100vw, 300px\" \/><\/a><\/div><\/div><div id=\"panel-4-1-2-1\" class=\"so-panel widget widget_sow-editor panel-last-child\" data-index=\"6\" ><div class=\"service-link panel-widget-style panel-widget-style-for-4-1-2-1\" ><div\n\t\t\t\n\t\t\tclass=\"so-widget-sow-editor so-widget-sow-editor-base\"\n\t\t\t\n\t\t>\n<div class=\"siteorigin-widget-tinymce textwidget\">\n\t<h3 style=\"text-align: center;\"><a href=\"http:\/\/gce.sk\/en\/inzinierska-cinnost\/\">Engineering<\/a><\/h3>\n<\/div>\n<\/div><\/div><\/div><\/div><\/div><\/div><div id=\"pg-4-2\"  class=\"panel-grid panel-has-style\" ><div class=\"siteorigin-panels-stretch panel-row-style panel-row-style-for-4-2\" data-stretch-type=\"full\" ><div id=\"pgc-4-2-0\"  class=\"panel-grid-cell\" ><div id=\"panel-4-2-0-0\" class=\"so-panel widget widget_sow-editor panel-first-child panel-last-child\" data-index=\"7\" ><div\n\t\t\t\n\t\t\tclass=\"so-widget-sow-editor so-widget-sow-editor-base\"\n\t\t\t\n\t\t>\n<div class=\"siteorigin-widget-tinymce textwidget\">\n\t<h2 id=\"referencie\" class=\"small-screen-headline\">References<\/h2>\n<\/div>\n<\/div><\/div><\/div><\/div><\/div><div id=\"pg-4-3\"  class=\"panel-grid panel-has-style\" ><div class=\"references panel-row-style panel-row-style-for-4-3\" ><div id=\"pgc-4-3-0\"  class=\"panel-grid-cell\" ><div class=\"position-relative panel-cell-style panel-cell-style-for-4-3-0\" ><div id=\"panel-4-3-0-0\" class=\"so-panel widget widget_media_image panel-first-child\" data-index=\"8\" ><div class=\"referencia position-relative panel-widget-style panel-widget-style-for-4-3-0-0\" ><h5 class=\"widget-title\">Hydrotechnical constructions<\/h5><img loading=\"lazy\" decoding=\"async\" width=\"600\" height=\"450\" src=\"https:\/\/gce.sk\/wp-content\/uploads\/2020\/10\/Rez_hatou.jpg\" class=\"image wp-image-1518 img-fluid attachment-full size-full\" alt=\"\" style=\"max-width: 100%; height: auto;\" srcset=\"https:\/\/gce.sk\/wp-content\/uploads\/2020\/10\/Rez_hatou.jpg 600w, https:\/\/gce.sk\/wp-content\/uploads\/2020\/10\/Rez_hatou-300x225.jpg 300w\" sizes=\"(max-width: 600px) 100vw, 600px\" \/><\/div><\/div><div id=\"panel-4-3-0-1\" class=\"widget_text so-panel widget widget_custom_html panel-last-child\" data-index=\"9\" ><div class=\"widget_text referencia-link panel-widget-style panel-widget-style-for-4-3-0-1\" ><div class=\"textwidget custom-html-widget\"><a href=\"\/referencie-hydrotechnicke-stavby\/\"><\/a><\/div><\/div><\/div><\/div><\/div><div id=\"pgc-4-3-1\"  class=\"panel-grid-cell\" ><div class=\"position-relative panel-cell-style panel-cell-style-for-4-3-1\" ><div id=\"panel-4-3-1-0\" class=\"so-panel widget widget_media_image panel-first-child\" data-index=\"10\" ><div class=\"referencia position-relative panel-widget-style panel-widget-style-for-4-3-1-0\" ><h5 class=\"widget-title\">Sewerage and WWTP<\/h5><img loading=\"lazy\" decoding=\"async\" width=\"320\" height=\"240\" src=\"https:\/\/gce.sk\/wp-content\/uploads\/2018\/07\/kanalizacie_a_cov.jpg\" class=\"image wp-image-101 img-fluid attachment-full size-full\" alt=\"\" style=\"max-width: 100%; height: auto;\" srcset=\"https:\/\/gce.sk\/wp-content\/uploads\/2018\/07\/kanalizacie_a_cov.jpg 320w, https:\/\/gce.sk\/wp-content\/uploads\/2018\/07\/kanalizacie_a_cov-300x225.jpg 300w\" sizes=\"(max-width: 320px) 100vw, 320px\" \/><\/div><\/div><div id=\"panel-4-3-1-1\" class=\"widget_text so-panel widget widget_custom_html panel-last-child\" data-index=\"11\" ><div class=\"widget_text referencia-link panel-widget-style panel-widget-style-for-4-3-1-1\" ><div class=\"textwidget custom-html-widget\"><a href=\"\/referencie-kanalizacie-a-cov\/\"><\/a><\/div><\/div><\/div><\/div><\/div><div id=\"pgc-4-3-2\"  class=\"panel-grid-cell\" ><div class=\"position-relative panel-cell-style panel-cell-style-for-4-3-2\" ><div id=\"panel-4-3-2-0\" class=\"so-panel widget widget_media_image panel-first-child\" data-index=\"12\" ><div class=\"referencia position-relative panel-widget-style panel-widget-style-for-4-3-2-0\" ><h5 class=\"widget-title\">Water supply<\/h5><img loading=\"lazy\" decoding=\"async\" width=\"399\" height=\"299\" src=\"https:\/\/gce.sk\/wp-content\/uploads\/2020\/10\/6_chynorany-1.png\" class=\"image wp-image-1509 img-fluid attachment-full size-full\" alt=\"\" style=\"max-width: 100%; height: auto;\" srcset=\"https:\/\/gce.sk\/wp-content\/uploads\/2020\/10\/6_chynorany-1.png 399w, https:\/\/gce.sk\/wp-content\/uploads\/2020\/10\/6_chynorany-1-300x225.png 300w\" sizes=\"(max-width: 399px) 100vw, 399px\" \/><\/div><\/div><div id=\"panel-4-3-2-1\" class=\"widget_text so-panel widget widget_custom_html panel-last-child\" data-index=\"13\" ><div class=\"widget_text referencia-link panel-widget-style panel-widget-style-for-4-3-2-1\" ><div class=\"textwidget custom-html-widget\"><a href=\"\/referencie-zasobovanie-vodou\/\"><\/a><\/div><\/div><\/div><\/div><\/div><\/div><\/div><div id=\"pg-4-4\"  class=\"panel-grid panel-has-style\" ><div class=\"references panel-row-style panel-row-style-for-4-4\" ><div id=\"pgc-4-4-0\"  class=\"panel-grid-cell\" ><div class=\"position-relative panel-cell-style panel-cell-style-for-4-4-0\" ><div id=\"panel-4-4-0-0\" class=\"so-panel widget widget_media_image panel-first-child\" data-index=\"14\" ><div class=\"referencia position-relative panel-widget-style panel-widget-style-for-4-4-0-0\" ><h5 class=\"widget-title\">Protipovod\u0148ov\u00e1 ochrana a \u00fapravy tokov<\/h5><img loading=\"lazy\" decoding=\"async\" width=\"600\" height=\"450\" src=\"https:\/\/gce.sk\/wp-content\/uploads\/2020\/10\/dsc_5184-2.jpg\" class=\"image wp-image-1529 img-fluid attachment-full size-full\" alt=\"\u00faprava toku\" style=\"max-width: 100%; height: auto;\" title=\"Protipovod\u0148ov\u00e1 ochrana a \u00fapravy tokov\" srcset=\"https:\/\/gce.sk\/wp-content\/uploads\/2020\/10\/dsc_5184-2.jpg 600w, https:\/\/gce.sk\/wp-content\/uploads\/2020\/10\/dsc_5184-2-300x225.jpg 300w\" sizes=\"(max-width: 600px) 100vw, 600px\" \/><\/div><\/div><div id=\"panel-4-4-0-1\" class=\"widget_text so-panel widget widget_custom_html panel-last-child\" data-index=\"15\" ><div class=\"widget_text referencia-link panel-widget-style panel-widget-style-for-4-4-0-1\" ><div class=\"textwidget custom-html-widget\"><a href=\"\/referencie-protipovodnova-ochrana\/\"><\/a><\/div><\/div><\/div><\/div><\/div><div id=\"pgc-4-4-1\"  class=\"panel-grid-cell\" ><div class=\"position-relative panel-cell-style panel-cell-style-for-4-4-1\" ><div id=\"panel-4-4-1-0\" class=\"so-panel widget widget_media_image panel-first-child\" data-index=\"16\" ><div class=\"referencia position-relative panel-widget-style panel-widget-style-for-4-4-1-0\" ><h5 class=\"widget-title\">Landfills of waste<\/h5><img loading=\"lazy\" decoding=\"async\" width=\"865\" height=\"650\" src=\"https:\/\/gce.sk\/wp-content\/uploads\/2020\/10\/6-1.png\" class=\"image wp-image-1515 img-fluid attachment-full size-full\" alt=\"\" style=\"max-width: 100%; height: auto;\" title=\"Skl\u00e1dky odpadu\" srcset=\"https:\/\/gce.sk\/wp-content\/uploads\/2020\/10\/6-1.png 865w, https:\/\/gce.sk\/wp-content\/uploads\/2020\/10\/6-1-300x225.png 300w, https:\/\/gce.sk\/wp-content\/uploads\/2020\/10\/6-1-768x577.png 768w\" sizes=\"(max-width: 865px) 100vw, 865px\" \/><\/div><\/div><div id=\"panel-4-4-1-1\" class=\"widget_text so-panel widget widget_custom_html panel-last-child\" data-index=\"17\" ><div class=\"widget_text referencia-link panel-widget-style panel-widget-style-for-4-4-1-1\" ><div class=\"textwidget custom-html-widget\"><a href=\"\/referencie-skladky-odpadu\/\"><\/a><\/div><\/div><\/div><\/div><\/div><div id=\"pgc-4-4-2\"  class=\"panel-grid-cell\" ><div class=\"position-relative panel-cell-style panel-cell-style-for-4-4-2\" ><div id=\"panel-4-4-2-0\" class=\"so-panel widget widget_media_image panel-first-child\" data-index=\"18\" ><div class=\"referencia position-relative panel-widget-style panel-widget-style-for-4-4-2-0\" ><h5 class=\"widget-title\">Zbern\u00e9 dvory<\/h5><img loading=\"lazy\" decoding=\"async\" width=\"1024\" height=\"768\" src=\"https:\/\/gce.sk\/wp-content\/uploads\/2024\/05\/OIG3-e1717051586287.jpeg\" class=\"image wp-image-1946 img-fluid attachment-full size-full\" alt=\"\" style=\"max-width: 100%; height: auto;\" title=\"Zbern\u00e9 dvory\" srcset=\"https:\/\/gce.sk\/wp-content\/uploads\/2024\/05\/OIG3-e1717051586287.jpeg 1024w, https:\/\/gce.sk\/wp-content\/uploads\/2024\/05\/OIG3-e1717051586287-300x225.jpeg 300w, https:\/\/gce.sk\/wp-content\/uploads\/2024\/05\/OIG3-e1717051586287-768x576.jpeg 768w\" sizes=\"(max-width: 1024px) 100vw, 1024px\" \/><\/div><\/div><div id=\"panel-4-4-2-1\" class=\"widget_text so-panel widget widget_custom_html panel-last-child\" data-index=\"19\" ><div class=\"widget_text referencia-link panel-widget-style panel-widget-style-for-4-4-2-1\" ><div class=\"textwidget custom-html-widget\"><a href=\"\/referencie-zberne-dvory\/\"><\/a><\/div><\/div><\/div><\/div><\/div><\/div><\/div><div id=\"pg-4-5\"  class=\"panel-grid panel-has-style\" ><div class=\"references panel-row-style panel-row-style-for-4-5\" ><div id=\"pgc-4-5-0\"  class=\"panel-grid-cell panel-grid-cell-empty\" ><div class=\"position-relative panel-cell-style panel-cell-style-for-4-5-0\" ><\/div><\/div><div id=\"pgc-4-5-1\"  class=\"panel-grid-cell panel-grid-cell-mobile-last\" ><div class=\"position-relative panel-cell-style panel-cell-style-for-4-5-1\" ><div id=\"panel-4-5-1-0\" class=\"so-panel widget widget_media_image panel-first-child\" data-index=\"20\" ><div class=\"referencia position-relative panel-widget-style panel-widget-style-for-4-5-1-0\" ><h5 class=\"widget-title\">Engineering and project management<\/h5><img loading=\"lazy\" decoding=\"async\" width=\"320\" height=\"240\" src=\"https:\/\/gce.sk\/wp-content\/uploads\/2018\/07\/inzinierska_cinnost.jpg\" class=\"image wp-image-111 img-fluid attachment-full size-full\" alt=\"\" style=\"max-width: 100%; height: auto;\" srcset=\"https:\/\/gce.sk\/wp-content\/uploads\/2018\/07\/inzinierska_cinnost.jpg 320w, https:\/\/gce.sk\/wp-content\/uploads\/2018\/07\/inzinierska_cinnost-300x225.jpg 300w\" sizes=\"(max-width: 320px) 100vw, 320px\" \/><\/div><\/div><div id=\"panel-4-5-1-1\" class=\"widget_text so-panel widget widget_custom_html panel-last-child\" data-index=\"21\" ><div class=\"widget_text referencia-link panel-widget-style panel-widget-style-for-4-5-1-1\" ><div class=\"textwidget custom-html-widget\"><a href=\"\/referencie-inzinierska-cinnost\/\"><\/a><\/div><\/div><\/div><\/div><\/div><div id=\"pgc-4-5-2\"  class=\"panel-grid-cell panel-grid-cell-empty\" ><div class=\"position-relative panel-cell-style panel-cell-style-for-4-5-2\" ><\/div><\/div><\/div><\/div><\/div>","protected":false},"excerpt":{"rendered":"<p>Our Services Supervision Design services Engineering [&#8230;]<\/p>\n<p><a class=\"btn btn-secondary understrap-read-more-link\" href=\"https:\/\/gce.sk\/en\/\">Read More&#8230;<\/a><\/p>\n","protected":false},"author":1,"featured_media":0,"parent":0,"menu_order":0,"comment_status":"closed","ping_status":"closed","template":"elementor_theme","meta":{"footnotes":""},"class_list":["post-4","page","type-page","status-publish","hentry"],"yoast_head":"<!-- This site is optimized with the Yoast SEO plugin v27.4 - https:\/\/yoast.com\/product\/yoast-seo-wordpress\/ -->\n<title>Home<\/title>\n<meta name=\"description\" content=\"Projektovanie vodovodov,vodojemov, kanaliz\u00e1ci\u00ed, \u010derpac\u00edch stan\u00edc,protipovod\u0148ov\u00fdch \u00faprav,\u00faprav tokov, skl\u00e1dok odpadov, mal\u00fdch vodn\u00fdch elektr\u00e1rn\u00ed. Vykon\u00e1vanie in\u017einierskej \u010dinnosti a stavebn\u00e9ho dozoru.\" \/>\n<meta name=\"robots\" content=\"index, follow, max-snippet:-1, max-image-preview:large, max-video-preview:-1\" \/>\n<link rel=\"canonical\" href=\"https:\/\/gce.sk\/en\/\" \/>\n<meta property=\"og:locale\" content=\"en_GB\" \/>\n<meta property=\"og:locale:alternate\" content=\"sk_SK\" \/>\n<meta property=\"og:type\" content=\"article\" \/>\n<meta property=\"og:title\" content=\"Home\" \/>\n<meta property=\"og:description\" content=\"Projektovanie vodovodov,vodojemov, kanaliz\u00e1ci\u00ed, \u010derpac\u00edch stan\u00edc,protipovod\u0148ov\u00fdch \u00faprav,\u00faprav tokov, skl\u00e1dok odpadov, mal\u00fdch vodn\u00fdch elektr\u00e1rn\u00ed. Vykon\u00e1vanie in\u017einierskej \u010dinnosti a stavebn\u00e9ho dozoru.\" \/>\n<meta property=\"og:url\" content=\"https:\/\/gce.sk\/en\/\" \/>\n<meta property=\"og:site_name\" content=\"Gajdo\u0161 Consulting Engineers\" \/>\n<meta property=\"article:modified_time\" content=\"2025-10-29T13:21:53+00:00\" \/>\n<meta name=\"twitter:card\" content=\"summary_large_image\" \/>\n<meta name=\"twitter:label1\" content=\"Estimated reading time\" \/>\n\t<meta name=\"twitter:data1\" content=\"3 minutes\" \/>\n<script type=\"application\/ld+json\" class=\"yoast-schema-graph\">{\"@context\":\"https:\\\/\\\/schema.org\",\"@graph\":[{\"@type\":\"WebPage\",\"@id\":\"https:\\\/\\\/gce.sk\\\/\",\"url\":\"https:\\\/\\\/gce.sk\\\/\",\"name\":\"Home\",\"isPartOf\":{\"@id\":\"https:\\\/\\\/gce.sk\\\/#website\"},\"datePublished\":\"2018-06-29T11:08:46+00:00\",\"dateModified\":\"2025-10-29T13:21:53+00:00\",\"description\":\"Projektovanie vodovodov,vodojemov, kanaliz\u00e1ci\u00ed, \u010derpac\u00edch stan\u00edc,protipovod\u0148ov\u00fdch \u00faprav,\u00faprav tokov, skl\u00e1dok odpadov, mal\u00fdch vodn\u00fdch elektr\u00e1rn\u00ed. Vykon\u00e1vanie in\u017einierskej \u010dinnosti a stavebn\u00e9ho dozoru.\",\"breadcrumb\":{\"@id\":\"https:\\\/\\\/gce.sk\\\/#breadcrumb\"},\"inLanguage\":\"en-GB\",\"potentialAction\":[{\"@type\":\"ReadAction\",\"target\":[\"https:\\\/\\\/gce.sk\\\/\"]}]},{\"@type\":\"BreadcrumbList\",\"@id\":\"https:\\\/\\\/gce.sk\\\/#breadcrumb\",\"itemListElement\":[{\"@type\":\"ListItem\",\"position\":1,\"name\":\"Home\",\"item\":\"https:\\\/\\\/gce.sk\\\/\"},{\"@type\":\"ListItem\",\"position\":2,\"name\":\"Domov\"}]},{\"@type\":\"WebSite\",\"@id\":\"https:\\\/\\\/gce.sk\\\/#website\",\"url\":\"https:\\\/\\\/gce.sk\\\/\",\"name\":\"Gajdo\u0161 Consulting Engineers\",\"description\":\"Projektovanie vo vodnom hospod\u00e1rstve\",\"publisher\":{\"@id\":\"https:\\\/\\\/gce.sk\\\/#organization\"},\"potentialAction\":[{\"@type\":\"SearchAction\",\"target\":{\"@type\":\"EntryPoint\",\"urlTemplate\":\"https:\\\/\\\/gce.sk\\\/?s={search_term_string}\"},\"query-input\":{\"@type\":\"PropertyValueSpecification\",\"valueRequired\":true,\"valueName\":\"search_term_string\"}}],\"inLanguage\":\"en-GB\"},{\"@type\":\"Organization\",\"@id\":\"https:\\\/\\\/gce.sk\\\/#organization\",\"name\":\"Gajdo\u0161 - Consulting Engineers, s.r.o.\",\"url\":\"https:\\\/\\\/gce.sk\\\/\",\"logo\":{\"@type\":\"ImageObject\",\"inLanguage\":\"en-GB\",\"@id\":\"https:\\\/\\\/gce.sk\\\/#\\\/schema\\\/logo\\\/image\\\/\",\"url\":\"https:\\\/\\\/gce.sk\\\/wp-content\\\/uploads\\\/2019\\\/02\\\/Logo-GC.png\",\"contentUrl\":\"https:\\\/\\\/gce.sk\\\/wp-content\\\/uploads\\\/2019\\\/02\\\/Logo-GC.png\",\"width\":1500,\"height\":1500,\"caption\":\"Gajdo\u0161 - Consulting Engineers, s.r.o.\"},\"image\":{\"@id\":\"https:\\\/\\\/gce.sk\\\/#\\\/schema\\\/logo\\\/image\\\/\"}}]}<\/script>\n<!-- \/ Yoast SEO plugin. -->","yoast_head_json":{"title":"Home","description":"Projektovanie vodovodov,vodojemov, kanaliz\u00e1ci\u00ed, \u010derpac\u00edch stan\u00edc,protipovod\u0148ov\u00fdch \u00faprav,\u00faprav tokov, skl\u00e1dok odpadov, mal\u00fdch vodn\u00fdch elektr\u00e1rn\u00ed. Vykon\u00e1vanie in\u017einierskej \u010dinnosti a stavebn\u00e9ho dozoru.","robots":{"index":"index","follow":"follow","max-snippet":"max-snippet:-1","max-image-preview":"max-image-preview:large","max-video-preview":"max-video-preview:-1"},"canonical":"https:\/\/gce.sk\/en\/","og_locale":"en_GB","og_type":"article","og_title":"[:sk]Domov[:en]Home[:] &#8211; Gajdo\u0161 Consulting Engineers","og_description":"[:sk]Projektovanie vodovodov,vodojemov, kanaliz\u00e1ci\u00ed, \u010derpac\u00edch stan\u00edc,protipovod\u0148ov\u00fdch \u00faprav,\u00faprav tokov, skl\u00e1dok odpadov, mal\u00fdch vodn\u00fdch elektr\u00e1rn\u00ed. Vykon\u00e1vanie in\u017einierskej \u010dinnosti a stavebn\u00e9ho dozoru.[:]","og_url":"https:\/\/gce.sk\/en\/","og_site_name":"Gajdo\u0161 Consulting Engineers","article_modified_time":"2025-10-29T13:21:53+00:00","twitter_card":"summary_large_image","twitter_misc":{"Estimated reading time":"3 minutes"},"schema":{"@context":"https:\/\/schema.org","@graph":[{"@type":"WebPage","@id":"https:\/\/gce.sk\/","url":"https:\/\/gce.sk\/","name":"Home","isPartOf":{"@id":"https:\/\/gce.sk\/#website"},"datePublished":"2018-06-29T11:08:46+00:00","dateModified":"2025-10-29T13:21:53+00:00","description":"Projektovanie vodovodov,vodojemov, kanaliz\u00e1ci\u00ed, \u010derpac\u00edch stan\u00edc,protipovod\u0148ov\u00fdch \u00faprav,\u00faprav tokov, skl\u00e1dok odpadov, mal\u00fdch vodn\u00fdch elektr\u00e1rn\u00ed. Vykon\u00e1vanie in\u017einierskej \u010dinnosti a stavebn\u00e9ho dozoru.","breadcrumb":{"@id":"https:\/\/gce.sk\/#breadcrumb"},"inLanguage":"en-GB","potentialAction":[{"@type":"ReadAction","target":["https:\/\/gce.sk\/"]}]},{"@type":"BreadcrumbList","@id":"https:\/\/gce.sk\/#breadcrumb","itemListElement":[{"@type":"ListItem","position":1,"name":"Home","item":"https:\/\/gce.sk\/"},{"@type":"ListItem","position":2,"name":"Domov"}]},{"@type":"WebSite","@id":"https:\/\/gce.sk\/#website","url":"https:\/\/gce.sk\/","name":"Gajdo\u0161 Consulting Engineers","description":"Projektovanie vo vodnom hospod\u00e1rstve","publisher":{"@id":"https:\/\/gce.sk\/#organization"},"potentialAction":[{"@type":"SearchAction","target":{"@type":"EntryPoint","urlTemplate":"https:\/\/gce.sk\/?s={search_term_string}"},"query-input":{"@type":"PropertyValueSpecification","valueRequired":true,"valueName":"search_term_string"}}],"inLanguage":"en-GB"},{"@type":"Organization","@id":"https:\/\/gce.sk\/#organization","name":"Gajdo\u0161 - Consulting Engineers, s.r.o.","url":"https:\/\/gce.sk\/","logo":{"@type":"ImageObject","inLanguage":"en-GB","@id":"https:\/\/gce.sk\/#\/schema\/logo\/image\/","url":"https:\/\/gce.sk\/wp-content\/uploads\/2019\/02\/Logo-GC.png","contentUrl":"https:\/\/gce.sk\/wp-content\/uploads\/2019\/02\/Logo-GC.png","width":1500,"height":1500,"caption":"Gajdo\u0161 - Consulting Engineers, s.r.o."},"image":{"@id":"https:\/\/gce.sk\/#\/schema\/logo\/image\/"}}]}},"_links":{"self":[{"href":"https:\/\/gce.sk\/en\/wp-json\/wp\/v2\/pages\/4","targetHints":{"allow":["GET"]}}],"collection":[{"href":"https:\/\/gce.sk\/en\/wp-json\/wp\/v2\/pages"}],"about":[{"href":"https:\/\/gce.sk\/en\/wp-json\/wp\/v2\/types\/page"}],"author":[{"embeddable":true,"href":"https:\/\/gce.sk\/en\/wp-json\/wp\/v2\/users\/1"}],"replies":[{"embeddable":true,"href":"https:\/\/gce.sk\/en\/wp-json\/wp\/v2\/comments?post=4"}],"version-history":[{"count":6,"href":"https:\/\/gce.sk\/en\/wp-json\/wp\/v2\/pages\/4\/revisions"}],"predecessor-version":[{"id":2069,"href":"https:\/\/gce.sk\/en\/wp-json\/wp\/v2\/pages\/4\/revisions\/2069"}],"wp:attachment":[{"href":"https:\/\/gce.sk\/en\/wp-json\/wp\/v2\/media?parent=4"}],"curies":[{"name":"wp","href":"https:\/\/api.w.org\/{rel}","templated":true}]}}