{"id":254,"date":"2019-02-05T10:36:36","date_gmt":"2019-02-05T09:36:36","guid":{"rendered":"http:\/\/gce.sk\/?page_id=254"},"modified":"2020-10-27T08:45:16","modified_gmt":"2020-10-27T07:45:16","slug":"o-nas","status":"publish","type":"page","link":"https:\/\/gce.sk\/en\/o-nas\/","title":{"rendered":"O n\u00e1s"},"content":{"rendered":"<div id=\"pl-gb254-6a097bda01e78\"  class=\"panel-layout\" ><div id=\"pg-gb254-6a097bda01e78-0\"  class=\"panel-grid panel-no-style\" ><div id=\"pgc-gb254-6a097bda01e78-0-0\"  class=\"panel-grid-cell panel-grid-cell-mobile-last\" ><div id=\"panel-gb254-6a097bda01e78-0-0-0\" class=\"so-panel widget widget_text panel-first-child panel-last-child\" data-index=\"0\" >\t\t\t<div class=\"textwidget\"><p>[:sk]<\/p>\n<div id=\"contentAB\">\n<div>\n<p>Spolo\u010dnos\u0165 Gajdo\u0161-Consulting Engineers, s.r.o. Zvolen bola zalo\u017een\u00e1 v roku 2005 za \u00fa\u010delom poskytovania komplexn\u00fdch in\u017einierskych, projek\u010dn\u00fdch a konzulta\u010dn\u00fdch slu\u017eieb v oblasti vodohospod\u00e1rskych stavieb, predov\u0161etk\u00fdm vodn\u00fdch elektr\u00e1n\u00ed, ale aj in\u00fdch vodohospod\u00e1rskych stavieb, ako s\u00fa \u010disti\u010dky odpadov\u00fdch v\u00f4d, kanaliz\u00e1cie a vodovody. \u010eal\u0161ou sf\u00e9rou n\u00e1\u0161ho z\u00e1ujmu s\u00fa skl\u00e1dky odpadu, priemyseln\u00e9, ob\u010dianske a in\u017einierske stavby.<\/p>\n<\/div>\n<\/div>\n<div><\/div>\n<p>[:en]<\/p>\n<div id=\"contentAB\">\n<div>\n<p>Spolo\u010dnos\u0165 Gajdo\u0161-Consulting Engineers, s.r.o. Zvolen bola zalo\u017een\u00e1 v roku 2005 za \u00fa\u010delom poskytovania komplexn\u00fdch in\u017einierskych, projek\u010dn\u00fdch a konzulta\u010dn\u00fdch slu\u017eieb v oblasti vodohospod\u00e1rskych stavieb, predov\u0161etk\u00fdm vodn\u00fdch elektr\u00e1n\u00ed, ale aj in\u00fdch vodohospod\u00e1rskych stavieb, ako s\u00fa \u010disti\u010dky odpadov\u00fdch v\u00f4d, kanaliz\u00e1cie a vodovody. \u010eal\u0161ou sf\u00e9rou n\u00e1\u0161ho z\u00e1ujmu s\u00fa skl\u00e1dky odpadu, priemyseln\u00e9, ob\u010dianske a in\u017einierske stavby.<\/p>\n<\/div>\n<\/div>\n<div><\/div>\n<p>[:]<\/p>\n<\/div>\n\t\t<\/div><\/div><div id=\"pgc-gb254-6a097bda01e78-0-1\"  class=\"panel-grid-cell panel-grid-cell-empty\" ><\/div><\/div><\/div>","protected":false},"excerpt":{"rendered":"<p> [&#8230;]<\/p>\n<p><a class=\"btn btn-secondary understrap-read-more-link\" href=\"https:\/\/gce.sk\/en\/o-nas\/\">Read More&#8230;<\/a><\/p>\n","protected":false},"author":1,"featured_media":0,"parent":0,"menu_order":0,"comment_status":"closed","ping_status":"closed","template":"","meta":{"footnotes":""},"class_list":["post-254","page","type-page","status-publish","hentry"],"yoast_head":"<!-- This site is optimized with the Yoast SEO plugin v27.6 - https:\/\/yoast.com\/product\/yoast-seo-wordpress\/ -->\n<title>O n\u00e1s<\/title>\n<meta name=\"robots\" content=\"index, follow, max-snippet:-1, max-image-preview:large, max-video-preview:-1\" \/>\n<link rel=\"canonical\" href=\"https:\/\/gce.sk\/en\/o-nas\/\" \/>\n<meta property=\"og:locale\" content=\"en_GB\" \/>\n<meta property=\"og:locale:alternate\" content=\"sk_SK\" \/>\n<meta property=\"og:type\" content=\"article\" \/>\n<meta property=\"og:title\" content=\"O n\u00e1s\" \/>\n<meta property=\"og:description\" content=\"[...]Read More...\" \/>\n<meta property=\"og:url\" content=\"https:\/\/gce.sk\/en\/o-nas\/\" \/>\n<meta property=\"og:site_name\" content=\"Gajdo\u0161 Consulting Engineers\" \/>\n<meta property=\"article:modified_time\" content=\"2020-10-27T07:45:16+00:00\" \/>\n<meta name=\"twitter:card\" content=\"summary_large_image\" \/>\n<script type=\"application\/ld+json\" class=\"yoast-schema-graph\">{\"@context\":\"https:\\\/\\\/schema.org\",\"@graph\":[{\"@type\":\"WebPage\",\"@id\":\"https:\\\/\\\/gce.sk\\\/en\\\/o-nas\\\/\",\"url\":\"https:\\\/\\\/gce.sk\\\/en\\\/o-nas\\\/\",\"name\":\"O n\u00e1s\",\"isPartOf\":{\"@id\":\"https:\\\/\\\/gce.sk\\\/#website\"},\"datePublished\":\"2019-02-05T09:36:36+00:00\",\"dateModified\":\"2020-10-27T07:45:16+00:00\",\"breadcrumb\":{\"@id\":\"https:\\\/\\\/gce.sk\\\/en\\\/o-nas\\\/#breadcrumb\"},\"inLanguage\":\"en-GB\",\"potentialAction\":[{\"@type\":\"ReadAction\",\"target\":[\"https:\\\/\\\/gce.sk\\\/en\\\/o-nas\\\/\"]}]},{\"@type\":\"BreadcrumbList\",\"@id\":\"https:\\\/\\\/gce.sk\\\/en\\\/o-nas\\\/#breadcrumb\",\"itemListElement\":[{\"@type\":\"ListItem\",\"position\":1,\"name\":\"Home\",\"item\":\"https:\\\/\\\/gce.sk\\\/\"},{\"@type\":\"ListItem\",\"position\":2,\"name\":\"O n\u00e1s\"}]},{\"@type\":\"WebSite\",\"@id\":\"https:\\\/\\\/gce.sk\\\/#website\",\"url\":\"https:\\\/\\\/gce.sk\\\/\",\"name\":\"Gajdo\u0161 Consulting Engineers\",\"description\":\"Projektovanie vo vodnom hospod\u00e1rstve\",\"publisher\":{\"@id\":\"https:\\\/\\\/gce.sk\\\/#organization\"},\"potentialAction\":[{\"@type\":\"SearchAction\",\"target\":{\"@type\":\"EntryPoint\",\"urlTemplate\":\"https:\\\/\\\/gce.sk\\\/?s={search_term_string}\"},\"query-input\":{\"@type\":\"PropertyValueSpecification\",\"valueRequired\":true,\"valueName\":\"search_term_string\"}}],\"inLanguage\":\"en-GB\"},{\"@type\":\"Organization\",\"@id\":\"https:\\\/\\\/gce.sk\\\/#organization\",\"name\":\"Gajdo\u0161 - Consulting Engineers, s.r.o.\",\"url\":\"https:\\\/\\\/gce.sk\\\/\",\"logo\":{\"@type\":\"ImageObject\",\"inLanguage\":\"en-GB\",\"@id\":\"https:\\\/\\\/gce.sk\\\/#\\\/schema\\\/logo\\\/image\\\/\",\"url\":\"https:\\\/\\\/gce.sk\\\/wp-content\\\/uploads\\\/2019\\\/02\\\/Logo-GC.png\",\"contentUrl\":\"https:\\\/\\\/gce.sk\\\/wp-content\\\/uploads\\\/2019\\\/02\\\/Logo-GC.png\",\"width\":1500,\"height\":1500,\"caption\":\"Gajdo\u0161 - Consulting Engineers, s.r.o.\"},\"image\":{\"@id\":\"https:\\\/\\\/gce.sk\\\/#\\\/schema\\\/logo\\\/image\\\/\"}}]}<\/script>\n<!-- \/ Yoast SEO plugin. -->","yoast_head_json":{"title":"O n\u00e1s","robots":{"index":"index","follow":"follow","max-snippet":"max-snippet:-1","max-image-preview":"max-image-preview:large","max-video-preview":"max-video-preview:-1"},"canonical":"https:\/\/gce.sk\/en\/o-nas\/","og_locale":"en_GB","og_type":"article","og_title":"[:sk]O n\u00e1s[:] &#8211; Gajdo\u0161 Consulting Engineers","og_description":"[...]Read More...","og_url":"https:\/\/gce.sk\/en\/o-nas\/","og_site_name":"Gajdo\u0161 Consulting Engineers","article_modified_time":"2020-10-27T07:45:16+00:00","twitter_card":"summary_large_image","schema":{"@context":"https:\/\/schema.org","@graph":[{"@type":"WebPage","@id":"https:\/\/gce.sk\/en\/o-nas\/","url":"https:\/\/gce.sk\/en\/o-nas\/","name":"O n\u00e1s","isPartOf":{"@id":"https:\/\/gce.sk\/#website"},"datePublished":"2019-02-05T09:36:36+00:00","dateModified":"2020-10-27T07:45:16+00:00","breadcrumb":{"@id":"https:\/\/gce.sk\/en\/o-nas\/#breadcrumb"},"inLanguage":"en-GB","potentialAction":[{"@type":"ReadAction","target":["https:\/\/gce.sk\/en\/o-nas\/"]}]},{"@type":"BreadcrumbList","@id":"https:\/\/gce.sk\/en\/o-nas\/#breadcrumb","itemListElement":[{"@type":"ListItem","position":1,"name":"Home","item":"https:\/\/gce.sk\/"},{"@type":"ListItem","position":2,"name":"O n\u00e1s"}]},{"@type":"WebSite","@id":"https:\/\/gce.sk\/#website","url":"https:\/\/gce.sk\/","name":"Gajdo\u0161 Consulting Engineers","description":"Projektovanie vo vodnom hospod\u00e1rstve","publisher":{"@id":"https:\/\/gce.sk\/#organization"},"potentialAction":[{"@type":"SearchAction","target":{"@type":"EntryPoint","urlTemplate":"https:\/\/gce.sk\/?s={search_term_string}"},"query-input":{"@type":"PropertyValueSpecification","valueRequired":true,"valueName":"search_term_string"}}],"inLanguage":"en-GB"},{"@type":"Organization","@id":"https:\/\/gce.sk\/#organization","name":"Gajdo\u0161 - Consulting Engineers, s.r.o.","url":"https:\/\/gce.sk\/","logo":{"@type":"ImageObject","inLanguage":"en-GB","@id":"https:\/\/gce.sk\/#\/schema\/logo\/image\/","url":"https:\/\/gce.sk\/wp-content\/uploads\/2019\/02\/Logo-GC.png","contentUrl":"https:\/\/gce.sk\/wp-content\/uploads\/2019\/02\/Logo-GC.png","width":1500,"height":1500,"caption":"Gajdo\u0161 - Consulting Engineers, s.r.o."},"image":{"@id":"https:\/\/gce.sk\/#\/schema\/logo\/image\/"}}]}},"_links":{"self":[{"href":"https:\/\/gce.sk\/en\/wp-json\/wp\/v2\/pages\/254","targetHints":{"allow":["GET"]}}],"collection":[{"href":"https:\/\/gce.sk\/en\/wp-json\/wp\/v2\/pages"}],"about":[{"href":"https:\/\/gce.sk\/en\/wp-json\/wp\/v2\/types\/page"}],"author":[{"embeddable":true,"href":"https:\/\/gce.sk\/en\/wp-json\/wp\/v2\/users\/1"}],"replies":[{"embeddable":true,"href":"https:\/\/gce.sk\/en\/wp-json\/wp\/v2\/comments?post=254"}],"version-history":[{"count":4,"href":"https:\/\/gce.sk\/en\/wp-json\/wp\/v2\/pages\/254\/revisions"}],"predecessor-version":[{"id":832,"href":"https:\/\/gce.sk\/en\/wp-json\/wp\/v2\/pages\/254\/revisions\/832"}],"wp:attachment":[{"href":"https:\/\/gce.sk\/en\/wp-json\/wp\/v2\/media?parent=254"}],"curies":[{"name":"wp","href":"https:\/\/api.w.org\/{rel}","templated":true}]}}