{"id":149,"date":"2019-01-18T13:28:05","date_gmt":"2019-01-18T12:28:05","guid":{"rendered":"http:\/\/gce.sk\/?page_id=149"},"modified":"2019-02-05T10:19:53","modified_gmt":"2019-02-05T09:19:53","slug":"domov-2","status":"publish","type":"page","link":"https:\/\/gce.sk\/en\/domov-2\/","title":{"rendered":"Domov-povodna"},"content":{"rendered":"<div id=\"pl-149\"  class=\"panel-layout\" ><div id=\"pg-149-0\"  class=\"panel-grid panel-has-style\" ><div class=\"panel-row-style panel-row-style-for-149-0\" ><div id=\"pgc-149-0-0\"  class=\"panel-grid-cell\" ><div id=\"panel-149-0-0-0\" class=\"so-panel widget widget_sow-editor panel-first-child panel-last-child\" data-index=\"0\" ><div class=\"mt-4 panel-widget-style panel-widget-style-for-149-0-0-0\" ><div\n\t\t\t\n\t\t\tclass=\"so-widget-sow-editor so-widget-sow-editor-base\"\n\t\t\t\n\t\t>\n<div class=\"siteorigin-widget-tinymce textwidget\">\n\t<h2 style=\"text-align: center;\">Na\u0161e slu\u017eby<\/h2>\n<\/div>\n<\/div><\/div><\/div><\/div><\/div><\/div><div id=\"pg-149-1\"  class=\"panel-grid panel-has-style\" ><div class=\"services panel-row-style panel-row-style-for-149-1\" ><div id=\"pgc-149-1-0\"  class=\"panel-grid-cell\" ><div id=\"panel-149-1-0-0\" class=\"so-panel widget widget_media_image panel-first-child\" data-index=\"1\" ><div class=\"text-center panel-widget-style panel-widget-style-for-149-1-0-0\" ><img fetchpriority=\"high\" decoding=\"async\" class=\"image img-fluid\" src=\"http:\/\/gce.sk\/wp-content\/uploads\/2018\/07\/helmet-512x300-300x176.png\" alt=\"\" width=\"300\" height=\"176\" \/><\/div><\/div><div id=\"panel-149-1-0-1\" class=\"so-panel widget widget_sow-editor panel-last-child\" data-index=\"2\" ><div class=\"pb-5 panel-widget-style panel-widget-style-for-149-1-0-1\" ><div\n\t\t\t\n\t\t\tclass=\"so-widget-sow-editor so-widget-sow-editor-base\"\n\t\t\t\n\t\t>\n<div class=\"siteorigin-widget-tinymce textwidget\">\n\t<h3 style=\"text-align: center;\">Stavebn\u00fd dozor<\/h3>\n<\/div>\n<\/div><\/div><\/div><\/div><div id=\"pgc-149-1-1\"  class=\"panel-grid-cell\" ><div id=\"panel-149-1-1-0\" class=\"so-panel widget widget_media_image panel-first-child\" data-index=\"3\" ><div class=\"text-center panel-widget-style panel-widget-style-for-149-1-1-0\" ><img decoding=\"async\" class=\"image img-fluid\" src=\"http:\/\/gce.sk\/wp-content\/uploads\/2018\/07\/394_Plan-512x300-300x176.png\" alt=\"\" width=\"512\" height=\"300\" \/><\/div><\/div><div id=\"panel-149-1-1-1\" class=\"so-panel widget widget_sow-editor panel-last-child\" data-index=\"4\" ><div class=\"pb-5 panel-widget-style panel-widget-style-for-149-1-1-1\" ><div\n\t\t\t\n\t\t\tclass=\"so-widget-sow-editor so-widget-sow-editor-base\"\n\t\t\t\n\t\t>\n<div class=\"siteorigin-widget-tinymce textwidget\">\n\t<h3 style=\"text-align: center;\">Projek\u010dn\u00e9 pr\u00e1ce<\/h3>\n<\/div>\n<\/div><\/div><\/div><\/div><div id=\"pgc-149-1-2\"  class=\"panel-grid-cell\" ><div id=\"panel-149-1-2-0\" class=\"so-panel widget widget_media_image panel-first-child\" data-index=\"5\" ><div class=\"text-center panel-widget-style panel-widget-style-for-149-1-2-0\" ><img decoding=\"async\" width=\"300\" height=\"176\" src=\"https:\/\/gce.sk\/wp-content\/uploads\/2018\/07\/BT_binder-512x300-300x176.png\" class=\"image wp-image-63 img-fluid attachment-medium size-medium\" alt=\"\" style=\"max-width: 100%; height: auto;\" srcset=\"https:\/\/gce.sk\/wp-content\/uploads\/2018\/07\/BT_binder-512x300-300x176.png 300w, https:\/\/gce.sk\/wp-content\/uploads\/2018\/07\/BT_binder-512x300.png 512w\" sizes=\"(max-width: 300px) 100vw, 300px\" \/><\/div><\/div><div id=\"panel-149-1-2-1\" class=\"so-panel widget widget_sow-editor panel-last-child\" data-index=\"6\" ><div class=\"pb-5 panel-widget-style panel-widget-style-for-149-1-2-1\" ><div\n\t\t\t\n\t\t\tclass=\"so-widget-sow-editor so-widget-sow-editor-base\"\n\t\t\t\n\t\t>\n<div class=\"siteorigin-widget-tinymce textwidget\">\n\t<h3 style=\"text-align: center;\">In\u017einierska \u010dinnos\u0165<\/h3>\n<\/div>\n<\/div><\/div><\/div><\/div><\/div><\/div><div id=\"pg-149-2\"  class=\"panel-grid panel-has-style\" ><div class=\"siteorigin-panels-stretch panel-row-style panel-row-style-for-149-2\" data-stretch-type=\"full\" ><div id=\"pgc-149-2-0\"  class=\"panel-grid-cell\" ><div id=\"panel-149-2-0-0\" class=\"so-panel widget widget_sow-editor panel-first-child panel-last-child\" data-index=\"7\" ><div class=\"mt-4 panel-widget-style panel-widget-style-for-149-2-0-0\" ><div\n\t\t\t\n\t\t\tclass=\"so-widget-sow-editor so-widget-sow-editor-base\"\n\t\t\t\n\t\t>\n<div class=\"siteorigin-widget-tinymce textwidget\">\n\t<h2 id=\"referencie\" style=\"text-align: center;\">Referencie<\/h2>\n<\/div>\n<\/div><\/div><\/div><\/div><\/div><\/div><div id=\"pg-149-3\"  class=\"panel-grid panel-has-style\" ><div class=\"siteorigin-panels-stretch panel-row-style panel-row-style-for-149-3\" data-stretch-type=\"full\" ><div id=\"pgc-149-3-0\"  class=\"panel-grid-cell\" ><div id=\"panel-149-3-0-0\" class=\"so-panel widget widget_media_image panel-first-child panel-last-child\" data-index=\"8\" ><div class=\"referencia position-relative mb-4 panel-widget-style panel-widget-style-for-149-3-0-0\" ><figure style=\"width: 320px\"  class=\"wp-caption alignnone\"><img loading=\"lazy\" decoding=\"async\" width=\"320\" height=\"240\" src=\"https:\/\/gce.sk\/wp-content\/uploads\/2018\/07\/hydrotechnicke_stavby.jpg\" class=\"image wp-image-82 img-fluid attachment-full size-full\" alt=\"\" style=\"max-width: 100%; height: auto;\" srcset=\"https:\/\/gce.sk\/wp-content\/uploads\/2018\/07\/hydrotechnicke_stavby.jpg 320w, https:\/\/gce.sk\/wp-content\/uploads\/2018\/07\/hydrotechnicke_stavby-300x225.jpg 300w\" sizes=\"(max-width: 320px) 100vw, 320px\" \/><figcaption class=\"wp-caption-text\">Hydrotechnick\u00e9 stavby<\/figcaption><\/figure><\/div><\/div><\/div><div id=\"pgc-149-3-1\"  class=\"panel-grid-cell\" ><div id=\"panel-149-3-1-0\" class=\"so-panel widget widget_media_image panel-first-child panel-last-child\" data-index=\"9\" ><div class=\"referencia position-relative mb-4 panel-widget-style panel-widget-style-for-149-3-1-0\" ><figure style=\"width: 320px\"  class=\"wp-caption alignnone\"><img loading=\"lazy\" decoding=\"async\" width=\"320\" height=\"240\" src=\"https:\/\/gce.sk\/wp-content\/uploads\/2018\/07\/kanalizacie_a_cov.jpg\" class=\"image wp-image-101 img-fluid attachment-full size-full\" alt=\"\" style=\"max-width: 100%; height: auto;\" srcset=\"https:\/\/gce.sk\/wp-content\/uploads\/2018\/07\/kanalizacie_a_cov.jpg 320w, https:\/\/gce.sk\/wp-content\/uploads\/2018\/07\/kanalizacie_a_cov-300x225.jpg 300w\" sizes=\"(max-width: 320px) 100vw, 320px\" \/><figcaption class=\"wp-caption-text\">Kanaliz\u00e1cie a \u010cOV<\/figcaption><\/figure><\/div><\/div><\/div><div id=\"pgc-149-3-2\"  class=\"panel-grid-cell\" ><div id=\"panel-149-3-2-0\" class=\"so-panel widget widget_media_image panel-first-child panel-last-child\" data-index=\"10\" ><div class=\"referencia position-relative mb-4 panel-widget-style panel-widget-style-for-149-3-2-0\" ><figure style=\"width: 320px\"  class=\"wp-caption alignnone\"><img loading=\"lazy\" decoding=\"async\" width=\"320\" height=\"240\" src=\"https:\/\/gce.sk\/wp-content\/uploads\/2018\/07\/zasobovanie_vodou.jpg\" class=\"image wp-image-104 img-fluid attachment-full size-full\" alt=\"\" style=\"max-width: 100%; height: auto;\" srcset=\"https:\/\/gce.sk\/wp-content\/uploads\/2018\/07\/zasobovanie_vodou.jpg 320w, https:\/\/gce.sk\/wp-content\/uploads\/2018\/07\/zasobovanie_vodou-300x225.jpg 300w\" sizes=\"(max-width: 320px) 100vw, 320px\" \/><figcaption class=\"wp-caption-text\">Z\u00e1sobovanie vodou<\/figcaption><\/figure><\/div><\/div><\/div><\/div><\/div><div id=\"pg-149-4\"  class=\"panel-grid panel-has-style\" ><div class=\"siteorigin-panels-stretch panel-row-style panel-row-style-for-149-4\" data-stretch-type=\"full\" ><div id=\"pgc-149-4-0\"  class=\"panel-grid-cell\" ><div id=\"panel-149-4-0-0\" class=\"so-panel widget widget_media_image panel-first-child panel-last-child\" data-index=\"11\" ><div class=\"referencia position-relative mb-4 panel-widget-style panel-widget-style-for-149-4-0-0\" ><figure style=\"width: 320px\"  class=\"wp-caption alignnone\"><img loading=\"lazy\" decoding=\"async\" width=\"320\" height=\"240\" src=\"https:\/\/gce.sk\/wp-content\/uploads\/2018\/07\/upravy_tokov.jpg\" class=\"image wp-image-109 img-fluid attachment-full size-full\" alt=\"\" style=\"max-width: 100%; height: auto;\" srcset=\"https:\/\/gce.sk\/wp-content\/uploads\/2018\/07\/upravy_tokov.jpg 320w, https:\/\/gce.sk\/wp-content\/uploads\/2018\/07\/upravy_tokov-300x225.jpg 300w\" sizes=\"(max-width: 320px) 100vw, 320px\" \/><figcaption class=\"wp-caption-text\">Protipovod\u0148ov\u00e1\nochrana a \u00fapravy\ntokov<\/figcaption><\/figure><\/div><\/div><\/div><div id=\"pgc-149-4-1\"  class=\"panel-grid-cell\" ><div id=\"panel-149-4-1-0\" class=\"so-panel widget widget_media_image panel-first-child panel-last-child\" data-index=\"12\" ><div class=\"referencia position-relative mb-4 panel-widget-style panel-widget-style-for-149-4-1-0\" ><figure style=\"width: 320px\"  class=\"wp-caption alignnone\"><img loading=\"lazy\" decoding=\"async\" width=\"320\" height=\"240\" src=\"https:\/\/gce.sk\/wp-content\/uploads\/2018\/07\/skladky.jpg\" class=\"image wp-image-110 img-fluid attachment-full size-full\" alt=\"\" style=\"max-width: 100%; height: auto;\" srcset=\"https:\/\/gce.sk\/wp-content\/uploads\/2018\/07\/skladky.jpg 320w, https:\/\/gce.sk\/wp-content\/uploads\/2018\/07\/skladky-300x225.jpg 300w\" sizes=\"(max-width: 320px) 100vw, 320px\" \/><figcaption class=\"wp-caption-text\">Skl\u00e1dky odpadu<\/figcaption><\/figure><\/div><\/div><\/div><div id=\"pgc-149-4-2\"  class=\"panel-grid-cell\" ><div id=\"panel-149-4-2-0\" class=\"so-panel widget widget_media_image panel-first-child panel-last-child\" data-index=\"13\" ><div class=\"referencia position-relative mb-4 panel-widget-style panel-widget-style-for-149-4-2-0\" ><figure style=\"width: 320px\"  class=\"wp-caption alignnone\"><img loading=\"lazy\" decoding=\"async\" width=\"320\" height=\"240\" src=\"https:\/\/gce.sk\/wp-content\/uploads\/2018\/07\/inzinierska_cinnost.jpg\" class=\"image wp-image-111 img-fluid attachment-full size-full\" alt=\"\" style=\"max-width: 100%; height: auto;\" srcset=\"https:\/\/gce.sk\/wp-content\/uploads\/2018\/07\/inzinierska_cinnost.jpg 320w, https:\/\/gce.sk\/wp-content\/uploads\/2018\/07\/inzinierska_cinnost-300x225.jpg 300w\" sizes=\"(max-width: 320px) 100vw, 320px\" \/><figcaption class=\"wp-caption-text\">In\u017einierska \u010dinnos\u0165\na projektov\u00fd\nmana\u017ement<\/figcaption><\/figure><\/div><\/div><\/div><\/div><\/div><\/div>","protected":false},"excerpt":{"rendered":"<p>Na\u0161e slu\u017eby Stavebn\u00fd dozor Projek\u010dn\u00e9 pr\u00e1ce In\u017einierska \u010dinnos\u0165 [&#8230;]<\/p>\n<p><a class=\"btn btn-secondary understrap-read-more-link\" href=\"https:\/\/gce.sk\/en\/domov-2\/\">Read More&#8230;<\/a><\/p>\n","protected":false},"author":1,"featured_media":0,"parent":0,"menu_order":0,"comment_status":"closed","ping_status":"closed","template":"page-templates\/fullwidthpage.php","meta":{"footnotes":""},"class_list":["post-149","page","type-page","status-publish","hentry"],"yoast_head":"<!-- This site is optimized with the Yoast SEO plugin v27.4 - https:\/\/yoast.com\/product\/yoast-seo-wordpress\/ -->\n<title>Domov-povodna &#8211; Gajdo\u0161 Consulting Engineers<\/title>\n<meta name=\"robots\" content=\"index, follow, max-snippet:-1, max-image-preview:large, max-video-preview:-1\" \/>\n<link rel=\"canonical\" href=\"https:\/\/gce.sk\/en\/domov-2\/\" \/>\n<meta property=\"og:locale\" content=\"en_GB\" \/>\n<meta property=\"og:locale:alternate\" content=\"sk_SK\" \/>\n<meta property=\"og:type\" content=\"article\" \/>\n<meta property=\"og:title\" content=\"Domov-povodna &#8211; Gajdo\u0161 Consulting Engineers\" \/>\n<meta property=\"og:description\" content=\"Na\u0161e slu\u017eby Stavebn\u00fd dozor Projek\u010dn\u00e9 pr\u00e1ce In\u017einierska \u010dinnos\u0165 [...]Read More...\" \/>\n<meta property=\"og:url\" content=\"https:\/\/gce.sk\/en\/domov-2\/\" \/>\n<meta property=\"og:site_name\" content=\"Gajdo\u0161 Consulting Engineers\" \/>\n<meta property=\"article:modified_time\" content=\"2019-02-05T09:19:53+00:00\" \/>\n<meta name=\"twitter:card\" content=\"summary_large_image\" \/>\n<script type=\"application\/ld+json\" class=\"yoast-schema-graph\">{\"@context\":\"https:\\\/\\\/schema.org\",\"@graph\":[{\"@type\":\"WebPage\",\"@id\":\"https:\\\/\\\/gce.sk\\\/domov-2\\\/\",\"url\":\"https:\\\/\\\/gce.sk\\\/domov-2\\\/\",\"name\":\"Domov-povodna &#8211; Gajdo\u0161 Consulting Engineers\",\"isPartOf\":{\"@id\":\"https:\\\/\\\/gce.sk\\\/#website\"},\"datePublished\":\"2019-01-18T12:28:05+00:00\",\"dateModified\":\"2019-02-05T09:19:53+00:00\",\"breadcrumb\":{\"@id\":\"https:\\\/\\\/gce.sk\\\/domov-2\\\/#breadcrumb\"},\"inLanguage\":\"en-GB\",\"potentialAction\":[{\"@type\":\"ReadAction\",\"target\":[\"https:\\\/\\\/gce.sk\\\/domov-2\\\/\"]}]},{\"@type\":\"BreadcrumbList\",\"@id\":\"https:\\\/\\\/gce.sk\\\/domov-2\\\/#breadcrumb\",\"itemListElement\":[{\"@type\":\"ListItem\",\"position\":1,\"name\":\"Home\",\"item\":\"https:\\\/\\\/gce.sk\\\/\"},{\"@type\":\"ListItem\",\"position\":2,\"name\":\"Domov-povodna\"}]},{\"@type\":\"WebSite\",\"@id\":\"https:\\\/\\\/gce.sk\\\/#website\",\"url\":\"https:\\\/\\\/gce.sk\\\/\",\"name\":\"Gajdo\u0161 Consulting Engineers\",\"description\":\"Projektovanie vo vodnom hospod\u00e1rstve\",\"publisher\":{\"@id\":\"https:\\\/\\\/gce.sk\\\/#organization\"},\"potentialAction\":[{\"@type\":\"SearchAction\",\"target\":{\"@type\":\"EntryPoint\",\"urlTemplate\":\"https:\\\/\\\/gce.sk\\\/?s={search_term_string}\"},\"query-input\":{\"@type\":\"PropertyValueSpecification\",\"valueRequired\":true,\"valueName\":\"search_term_string\"}}],\"inLanguage\":\"en-GB\"},{\"@type\":\"Organization\",\"@id\":\"https:\\\/\\\/gce.sk\\\/#organization\",\"name\":\"Gajdo\u0161 - Consulting Engineers, s.r.o.\",\"url\":\"https:\\\/\\\/gce.sk\\\/\",\"logo\":{\"@type\":\"ImageObject\",\"inLanguage\":\"en-GB\",\"@id\":\"https:\\\/\\\/gce.sk\\\/#\\\/schema\\\/logo\\\/image\\\/\",\"url\":\"https:\\\/\\\/gce.sk\\\/wp-content\\\/uploads\\\/2019\\\/02\\\/Logo-GC.png\",\"contentUrl\":\"https:\\\/\\\/gce.sk\\\/wp-content\\\/uploads\\\/2019\\\/02\\\/Logo-GC.png\",\"width\":1500,\"height\":1500,\"caption\":\"Gajdo\u0161 - Consulting Engineers, s.r.o.\"},\"image\":{\"@id\":\"https:\\\/\\\/gce.sk\\\/#\\\/schema\\\/logo\\\/image\\\/\"}}]}<\/script>\n<!-- \/ Yoast SEO plugin. -->","yoast_head_json":{"title":"Domov-povodna &#8211; Gajdo\u0161 Consulting Engineers","robots":{"index":"index","follow":"follow","max-snippet":"max-snippet:-1","max-image-preview":"max-image-preview:large","max-video-preview":"max-video-preview:-1"},"canonical":"https:\/\/gce.sk\/en\/domov-2\/","og_locale":"en_GB","og_type":"article","og_title":"Domov-povodna &#8211; Gajdo\u0161 Consulting Engineers","og_description":"Na\u0161e slu\u017eby Stavebn\u00fd dozor Projek\u010dn\u00e9 pr\u00e1ce In\u017einierska \u010dinnos\u0165 [...]Read More...","og_url":"https:\/\/gce.sk\/en\/domov-2\/","og_site_name":"Gajdo\u0161 Consulting Engineers","article_modified_time":"2019-02-05T09:19:53+00:00","twitter_card":"summary_large_image","schema":{"@context":"https:\/\/schema.org","@graph":[{"@type":"WebPage","@id":"https:\/\/gce.sk\/domov-2\/","url":"https:\/\/gce.sk\/domov-2\/","name":"Domov-povodna &#8211; Gajdo\u0161 Consulting Engineers","isPartOf":{"@id":"https:\/\/gce.sk\/#website"},"datePublished":"2019-01-18T12:28:05+00:00","dateModified":"2019-02-05T09:19:53+00:00","breadcrumb":{"@id":"https:\/\/gce.sk\/domov-2\/#breadcrumb"},"inLanguage":"en-GB","potentialAction":[{"@type":"ReadAction","target":["https:\/\/gce.sk\/domov-2\/"]}]},{"@type":"BreadcrumbList","@id":"https:\/\/gce.sk\/domov-2\/#breadcrumb","itemListElement":[{"@type":"ListItem","position":1,"name":"Home","item":"https:\/\/gce.sk\/"},{"@type":"ListItem","position":2,"name":"Domov-povodna"}]},{"@type":"WebSite","@id":"https:\/\/gce.sk\/#website","url":"https:\/\/gce.sk\/","name":"Gajdo\u0161 Consulting Engineers","description":"Projektovanie vo vodnom hospod\u00e1rstve","publisher":{"@id":"https:\/\/gce.sk\/#organization"},"potentialAction":[{"@type":"SearchAction","target":{"@type":"EntryPoint","urlTemplate":"https:\/\/gce.sk\/?s={search_term_string}"},"query-input":{"@type":"PropertyValueSpecification","valueRequired":true,"valueName":"search_term_string"}}],"inLanguage":"en-GB"},{"@type":"Organization","@id":"https:\/\/gce.sk\/#organization","name":"Gajdo\u0161 - Consulting Engineers, s.r.o.","url":"https:\/\/gce.sk\/","logo":{"@type":"ImageObject","inLanguage":"en-GB","@id":"https:\/\/gce.sk\/#\/schema\/logo\/image\/","url":"https:\/\/gce.sk\/wp-content\/uploads\/2019\/02\/Logo-GC.png","contentUrl":"https:\/\/gce.sk\/wp-content\/uploads\/2019\/02\/Logo-GC.png","width":1500,"height":1500,"caption":"Gajdo\u0161 - Consulting Engineers, s.r.o."},"image":{"@id":"https:\/\/gce.sk\/#\/schema\/logo\/image\/"}}]}},"_links":{"self":[{"href":"https:\/\/gce.sk\/en\/wp-json\/wp\/v2\/pages\/149","targetHints":{"allow":["GET"]}}],"collection":[{"href":"https:\/\/gce.sk\/en\/wp-json\/wp\/v2\/pages"}],"about":[{"href":"https:\/\/gce.sk\/en\/wp-json\/wp\/v2\/types\/page"}],"author":[{"embeddable":true,"href":"https:\/\/gce.sk\/en\/wp-json\/wp\/v2\/users\/1"}],"replies":[{"embeddable":true,"href":"https:\/\/gce.sk\/en\/wp-json\/wp\/v2\/comments?post=149"}],"version-history":[{"count":2,"href":"https:\/\/gce.sk\/en\/wp-json\/wp\/v2\/pages\/149\/revisions"}],"predecessor-version":[{"id":151,"href":"https:\/\/gce.sk\/en\/wp-json\/wp\/v2\/pages\/149\/revisions\/151"}],"wp:attachment":[{"href":"https:\/\/gce.sk\/en\/wp-json\/wp\/v2\/media?parent=149"}],"curies":[{"name":"wp","href":"https:\/\/api.w.org\/{rel}","templated":true}]}}